{"id":1084,"date":"2025-01-22T17:10:08","date_gmt":"2025-01-22T17:10:08","guid":{"rendered":"https:\/\/isaevents.net\/?page_id=1084"},"modified":"2025-02-02T12:51:50","modified_gmt":"2025-02-02T12:51:50","slug":"trekking-experiences","status":"publish","type":"page","link":"https:\/\/isaevents.net\/fr\/trekking-experiences\/","title":{"rendered":"Trekking Experiences"},"content":{"rendered":"<p><strong>Trekking on the Lycian Way &#8211; May, 2025<\/strong><br><br>To participate click <a href=\"https:\/\/isaevents.net\/product\/trekking-on-the-lycian-way-may-2025\/\"><span style=\"color: #0693e3;\" class=\"stk-highlight\">here<\/span><\/a>  (only 2 places left!)<br><\/p>\n\n\n\n<p><strong>Come join us for a wonderful 11-day trekking itinerary along the mythical Lycian Way on Turkey\u2019s Mediterranean Coast!<\/strong><\/p>\n\n\n\n<figure data-wp-context=\"{&quot;imageId&quot;:&quot;69fd221632399&quot;}\" data-wp-interactive=\"core\/image\" data-wp-key=\"69fd221632399\" class=\"wp-block-image size-full is-style-rounded wp-lightbox-container\"><img loading=\"lazy\" decoding=\"async\" width=\"2560\" height=\"1920\" data-wp-class--hide=\"state.isContentHidden\" data-wp-class--show=\"state.isContentVisible\" data-wp-init=\"callbacks.setButtonStyles\" data-wp-on--click=\"actions.showLightbox\" data-wp-on--load=\"callbacks.setButtonStyles\" data-wp-on-window--resize=\"callbacks.setButtonStyles\" src=\"https:\/\/isaevents.net\/wp-content\/uploads\/2024\/10\/anastasiia-moskalenko-Zy7TocHvQnE-unsplash-scaled.jpg\" alt=\"Trekking on the Lycian Coast, Turkey\" class=\"wp-image-1050\" srcset=\"https:\/\/isaevents.net\/wp-content\/uploads\/2024\/10\/anastasiia-moskalenko-Zy7TocHvQnE-unsplash-scaled.jpg 2560w, https:\/\/isaevents.net\/wp-content\/uploads\/2024\/10\/anastasiia-moskalenko-Zy7TocHvQnE-unsplash-300x225.jpg 300w, https:\/\/isaevents.net\/wp-content\/uploads\/2024\/10\/anastasiia-moskalenko-Zy7TocHvQnE-unsplash-1024x768.jpg 1024w, https:\/\/isaevents.net\/wp-content\/uploads\/2024\/10\/anastasiia-moskalenko-Zy7TocHvQnE-unsplash-768x576.jpg 768w, https:\/\/isaevents.net\/wp-content\/uploads\/2024\/10\/anastasiia-moskalenko-Zy7TocHvQnE-unsplash-1536x1152.jpg 1536w, https:\/\/isaevents.net\/wp-content\/uploads\/2024\/10\/anastasiia-moskalenko-Zy7TocHvQnE-unsplash-2048x1536.jpg 2048w, https:\/\/isaevents.net\/wp-content\/uploads\/2024\/10\/anastasiia-moskalenko-Zy7TocHvQnE-unsplash-16x12.jpg 16w, https:\/\/isaevents.net\/wp-content\/uploads\/2024\/10\/anastasiia-moskalenko-Zy7TocHvQnE-unsplash-1320x990.jpg 1320w, https:\/\/isaevents.net\/wp-content\/uploads\/2024\/10\/anastasiia-moskalenko-Zy7TocHvQnE-unsplash-350x263.jpg 350w\" sizes=\"auto, (max-width: 767px) 89vw, (max-width: 1000px) 54vw, (max-width: 1071px) 543px, 580px\" \/><button\n\t\t\tclass=\"lightbox-trigger\"\n\t\t\ttype=\"button\"\n\t\t\taria-haspopup=\"dialog\"\n\t\t\taria-label=\"Agrandir\"\n\t\t\tdata-wp-init=\"callbacks.initTriggerButton\"\n\t\t\tdata-wp-on--click=\"actions.showLightbox\"\n\t\t\tdata-wp-style--right=\"state.imageButtonRight\"\n\t\t\tdata-wp-style--top=\"state.imageButtonTop\"\n\t\t>\n\t\t\t<svg xmlns=\"http:\/\/www.w3.org\/2000\/svg\" width=\"12\" height=\"12\" fill=\"none\" viewbox=\"0 0 12 12\">\n\t\t\t\t<path fill=\"#fff\" d=\"M2 0a2 2 0 0 0-2 2v2h1.5V2a.5.5 0 0 1 .5-.5h2V0H2Zm2 10.5H2a.5.5 0 0 1-.5-.5V8H0v2a2 2 0 0 0 2 2h2v-1.5ZM8 12v-1.5h2a.5.5 0 0 0 .5-.5V8H12v2a2 2 0 0 1-2 2H8Zm2-12a2 2 0 0 1 2 2v2h-1.5V2a.5.5 0 0 0-.5-.5H8V0h2Z\" \/>\n\t\t\t<\/svg>\n\t\t<\/button><\/figure>\n\n\n\n<p><br><strong>PROGRAMME<\/strong><\/p>\n\n\n\n<p>14\/5 Flight to Dalaman and bus transfer to Fethiye, overnight in Fethiye.<\/p>\n\n\n\n<p>15\/5 Trek from Fethiye to the beatiful Ol\u00fcdeniz bay passing through the abandoned stone village of Kayak\u00f6y, overnight in Ovacik (a short bus ride from Ol\u00fcdeniz).<\/p>\n\n\n\n<p>16\/5 Trek from Ovacik to Faralya and overnight stay by an old watermill overlooking the wonderful butterfly valley.<\/p>\n\n\n\n<p>17\/5 Trek from Faralya to Kabak and overnight at Kabak beach.<\/p>\n\n\n\n<p>18\/5 Trek from Kabak to Alinca and overnight at Turkdomes Glamping.<\/p>\n\n\n\n<p>19\/5 Trekking from Turkdomes Glamping to the archaeological sites of Sidyma and Letoon, overnight in Letoon<\/p>\n\n\n\n<p>20\/5 Trek from Letoon to the archaeological site of Xanthos, then bus transfer to Gelemi\u015f and overnight in Gelemi\u015f.<\/p>\n\n\n\n<p>21\/5&nbsp;Visit of Patara ruins, then trek from Gelemi\u015f to Kalkan and bus transfer to Ka\u015f, overnight in Ka\u015f.<\/p>\n\n\n\n<p>22\/5 Trek from Ka\u015f to Bogazcik \/ Aperlai, snorkeling and overnight in Aperlai.<\/p>\n\n\n\n<p>23\/5 Trek from Aperlai to Ucagiz, snorkeling on Simena sunken city ruins and overnight in Ucagiz.<\/p>\n\n\n\n<p>24\/5 Trek from Ucagiz to Demre, visit Santa Claus Cathedral and ancient Lycian necropolis, overnight in Demre.<\/p>\n\n\n\n<p>25\/5 Bus transfer to Dalaman and flight back home.<\/p>\n\n\n\n<p><br><strong>COSTS<\/strong><\/p>\n\n\n\n<p>1350 Euros per person for 6 to 8 people<\/p>\n\n\n\n<p>1450 Euros per person for up to 6 people<\/p>\n\n\n\n<p>Price includes low-cost round trip airfare to Dalaman, overnight stays in boutique hotels, guest houses or glampings (minimum 3-star standard), breakfast, bus transfers and tour guide assistance with knowledge of local venues. Not included are lunches, dinners, any entrance fees to sites to be visited and rental of snorkeling equipment.<\/p>\n\n\n\n<p>For further information, contacts us at&nbsp;<a href=\"mailto:info@isaevents.net\"><span style=\"color: #0693e3;\" class=\"stk-highlight\">info@isaevents.net<\/span><\/a><br><br><\/p>","protected":false},"excerpt":{"rendered":"<p>Trekking on the Lycian Way &#8211; May, 2025 To participate click here (only 2 places left!) Come join us for a wonderful 11-day trekking itinerary along the mythical Lycian Way on Turkey\u2019s Mediterranean Coast! PROGRAMME 14\/5 Flight to Dalaman and bus transfer to Fethiye, overnight in Fethiye. 15\/5 Trek from Fethiye to the beatiful Ol\u00fcdeniz &hellip; <\/p>\n<p class=\"link-more\"><a href=\"https:\/\/isaevents.net\/fr\/trekking-experiences\/\" class=\"more-link\">Continuer la lecture<span class=\"screen-reader-text\"> de &laquo;&nbsp;Trekking Experiences&nbsp;&raquo;<\/span><\/a><\/p>","protected":false},"author":2,"featured_media":0,"parent":0,"menu_order":0,"comment_status":"closed","ping_status":"closed","template":"","meta":{"footnotes":""},"class_list":["post-1084","page","type-page","status-publish","hentry"],"yoast_head":"<!-- This site is optimized with the Yoast SEO plugin v25.7 - https:\/\/yoast.com\/wordpress\/plugins\/seo\/ -->\n<title>Trekking Experiences - I S A<\/title>\n<meta name=\"robots\" content=\"index, follow, max-snippet:-1, max-image-preview:large, max-video-preview:-1\" \/>\n<link rel=\"canonical\" href=\"https:\/\/isaevents.net\/fr\/trekking-experiences\/\" \/>\n<meta property=\"og:locale\" content=\"fr_FR\" \/>\n<meta property=\"og:type\" content=\"article\" \/>\n<meta property=\"og:title\" content=\"Trekking Experiences - I S A\" \/>\n<meta property=\"og:description\" content=\"Trekking on the Lycian Way &#8211; May, 2025 To participate click here (only 2 places left!) Come join us for a wonderful 11-day trekking itinerary along the mythical Lycian Way on Turkey\u2019s Mediterranean Coast! PROGRAMME 14\/5 Flight to Dalaman and bus transfer to Fethiye, overnight in Fethiye. 15\/5 Trek from Fethiye to the beatiful Ol\u00fcdeniz &hellip; Continuer la lecture de &laquo;&nbsp;Trekking Experiences&nbsp;&raquo;\" \/>\n<meta property=\"og:url\" content=\"https:\/\/isaevents.net\/fr\/trekking-experiences\/\" \/>\n<meta property=\"og:site_name\" content=\"I S A\" \/>\n<meta property=\"article:modified_time\" content=\"2025-02-02T12:51:50+00:00\" \/>\n<meta property=\"og:image\" content=\"https:\/\/isaevents.net\/wp-content\/uploads\/2024\/10\/anastasiia-moskalenko-Zy7TocHvQnE-unsplash-scaled.jpg\" \/>\n\t<meta property=\"og:image:width\" content=\"2560\" \/>\n\t<meta property=\"og:image:height\" content=\"1920\" \/>\n\t<meta property=\"og:image:type\" content=\"image\/jpeg\" \/>\n<meta name=\"twitter:card\" content=\"summary_large_image\" \/>\n<meta name=\"twitter:label1\" content=\"Dur\u00e9e de lecture estim\u00e9e\" \/>\n\t<meta name=\"twitter:data1\" content=\"2 minutes\" \/>\n<script type=\"application\/ld+json\" class=\"yoast-schema-graph\">{\"@context\":\"https:\/\/schema.org\",\"@graph\":[{\"@type\":\"WebPage\",\"@id\":\"https:\/\/isaevents.net\/trekking-experiences\/\",\"url\":\"https:\/\/isaevents.net\/trekking-experiences\/\",\"name\":\"Trekking Experiences - I S A\",\"isPartOf\":{\"@id\":\"https:\/\/isaevents.net\/#website\"},\"primaryImageOfPage\":{\"@id\":\"https:\/\/isaevents.net\/trekking-experiences\/#primaryimage\"},\"image\":{\"@id\":\"https:\/\/isaevents.net\/trekking-experiences\/#primaryimage\"},\"thumbnailUrl\":\"https:\/\/isaevents.net\/wp-content\/uploads\/2024\/10\/anastasiia-moskalenko-Zy7TocHvQnE-unsplash-scaled.jpg\",\"datePublished\":\"2025-01-22T17:10:08+00:00\",\"dateModified\":\"2025-02-02T12:51:50+00:00\",\"breadcrumb\":{\"@id\":\"https:\/\/isaevents.net\/trekking-experiences\/#breadcrumb\"},\"inLanguage\":\"fr-FR\",\"potentialAction\":[{\"@type\":\"ReadAction\",\"target\":[\"https:\/\/isaevents.net\/trekking-experiences\/\"]}]},{\"@type\":\"ImageObject\",\"inLanguage\":\"fr-FR\",\"@id\":\"https:\/\/isaevents.net\/trekking-experiences\/#primaryimage\",\"url\":\"https:\/\/isaevents.net\/wp-content\/uploads\/2024\/10\/anastasiia-moskalenko-Zy7TocHvQnE-unsplash-scaled.jpg\",\"contentUrl\":\"https:\/\/isaevents.net\/wp-content\/uploads\/2024\/10\/anastasiia-moskalenko-Zy7TocHvQnE-unsplash-scaled.jpg\"},{\"@type\":\"BreadcrumbList\",\"@id\":\"https:\/\/isaevents.net\/trekking-experiences\/#breadcrumb\",\"itemListElement\":[{\"@type\":\"ListItem\",\"position\":1,\"name\":\"Home\",\"item\":\"https:\/\/isaevents.net\/\"},{\"@type\":\"ListItem\",\"position\":2,\"name\":\"Trekking Experiences\"}]},{\"@type\":\"WebSite\",\"@id\":\"https:\/\/isaevents.net\/#website\",\"url\":\"https:\/\/isaevents.net\/\",\"name\":\"I S AEvents\",\"description\":\"ISA Infinite Sensorial Adventures\",\"publisher\":{\"@id\":\"https:\/\/isaevents.net\/#\/schema\/person\/9482146435205e927d4cd14e1e4c5524\"},\"potentialAction\":[{\"@type\":\"SearchAction\",\"target\":{\"@type\":\"EntryPoint\",\"urlTemplate\":\"https:\/\/isaevents.net\/?s={search_term_string}\"},\"query-input\":{\"@type\":\"PropertyValueSpecification\",\"valueRequired\":true,\"valueName\":\"search_term_string\"}}],\"inLanguage\":\"fr-FR\"},{\"@type\":[\"Person\",\"Organization\"],\"@id\":\"https:\/\/isaevents.net\/#\/schema\/person\/9482146435205e927d4cd14e1e4c5524\",\"name\":\"Isabella Tuvo\",\"image\":{\"@type\":\"ImageObject\",\"inLanguage\":\"fr-FR\",\"@id\":\"https:\/\/isaevents.net\/#\/schema\/person\/image\/\",\"url\":\"https:\/\/isaevents.net\/wp-content\/uploads\/2024\/07\/ISA_Mail_HEADER.jpg\",\"contentUrl\":\"https:\/\/isaevents.net\/wp-content\/uploads\/2024\/07\/ISA_Mail_HEADER.jpg\",\"width\":1400,\"height\":446,\"caption\":\"Isabella Tuvo\"},\"logo\":{\"@id\":\"https:\/\/isaevents.net\/#\/schema\/person\/image\/\"},\"sameAs\":[\"https:\/\/isaevents.net\",\"https:\/\/www.instagram.com\/journeys_offthebeatenpath?igsh=MWZ0YXlzeDRtczhqYw&utm_source=qr\",\"https:\/\/www.linkedin.com\/in\/isabella-tuvo-81a39683?utm_source=share&utm_campaign=share_via&utm_content=profile&utm_medium=ios_app\"]}]}<\/script>\n<!-- \/ Yoast SEO plugin. -->","yoast_head_json":{"title":"Trekking Experiences - I S A","robots":{"index":"index","follow":"follow","max-snippet":"max-snippet:-1","max-image-preview":"max-image-preview:large","max-video-preview":"max-video-preview:-1"},"canonical":"https:\/\/isaevents.net\/fr\/trekking-experiences\/","og_locale":"fr_FR","og_type":"article","og_title":"Trekking Experiences - I S A","og_description":"Trekking on the Lycian Way &#8211; May, 2025 To participate click here (only 2 places left!) Come join us for a wonderful 11-day trekking itinerary along the mythical Lycian Way on Turkey\u2019s Mediterranean Coast! PROGRAMME 14\/5 Flight to Dalaman and bus transfer to Fethiye, overnight in Fethiye. 15\/5 Trek from Fethiye to the beatiful Ol\u00fcdeniz &hellip; Continuer la lecture de &laquo;&nbsp;Trekking Experiences&nbsp;&raquo;","og_url":"https:\/\/isaevents.net\/fr\/trekking-experiences\/","og_site_name":"I S A","article_modified_time":"2025-02-02T12:51:50+00:00","og_image":[{"width":2560,"height":1920,"url":"https:\/\/isaevents.net\/wp-content\/uploads\/2024\/10\/anastasiia-moskalenko-Zy7TocHvQnE-unsplash-scaled.jpg","type":"image\/jpeg"}],"twitter_card":"summary_large_image","twitter_misc":{"Dur\u00e9e de lecture estim\u00e9e":"2 minutes"},"schema":{"@context":"https:\/\/schema.org","@graph":[{"@type":"WebPage","@id":"https:\/\/isaevents.net\/trekking-experiences\/","url":"https:\/\/isaevents.net\/trekking-experiences\/","name":"Trekking Experiences - I S A","isPartOf":{"@id":"https:\/\/isaevents.net\/#website"},"primaryImageOfPage":{"@id":"https:\/\/isaevents.net\/trekking-experiences\/#primaryimage"},"image":{"@id":"https:\/\/isaevents.net\/trekking-experiences\/#primaryimage"},"thumbnailUrl":"https:\/\/isaevents.net\/wp-content\/uploads\/2024\/10\/anastasiia-moskalenko-Zy7TocHvQnE-unsplash-scaled.jpg","datePublished":"2025-01-22T17:10:08+00:00","dateModified":"2025-02-02T12:51:50+00:00","breadcrumb":{"@id":"https:\/\/isaevents.net\/trekking-experiences\/#breadcrumb"},"inLanguage":"fr-FR","potentialAction":[{"@type":"ReadAction","target":["https:\/\/isaevents.net\/trekking-experiences\/"]}]},{"@type":"ImageObject","inLanguage":"fr-FR","@id":"https:\/\/isaevents.net\/trekking-experiences\/#primaryimage","url":"https:\/\/isaevents.net\/wp-content\/uploads\/2024\/10\/anastasiia-moskalenko-Zy7TocHvQnE-unsplash-scaled.jpg","contentUrl":"https:\/\/isaevents.net\/wp-content\/uploads\/2024\/10\/anastasiia-moskalenko-Zy7TocHvQnE-unsplash-scaled.jpg"},{"@type":"BreadcrumbList","@id":"https:\/\/isaevents.net\/trekking-experiences\/#breadcrumb","itemListElement":[{"@type":"ListItem","position":1,"name":"Home","item":"https:\/\/isaevents.net\/"},{"@type":"ListItem","position":2,"name":"Trekking Experiences"}]},{"@type":"WebSite","@id":"https:\/\/isaevents.net\/#website","url":"https:\/\/isaevents.net\/","name":"I S AEvents","description":"ISA Infinite Sensorial Adventures","publisher":{"@id":"https:\/\/isaevents.net\/#\/schema\/person\/9482146435205e927d4cd14e1e4c5524"},"potentialAction":[{"@type":"SearchAction","target":{"@type":"EntryPoint","urlTemplate":"https:\/\/isaevents.net\/?s={search_term_string}"},"query-input":{"@type":"PropertyValueSpecification","valueRequired":true,"valueName":"search_term_string"}}],"inLanguage":"fr-FR"},{"@type":["Person","Organization"],"@id":"https:\/\/isaevents.net\/#\/schema\/person\/9482146435205e927d4cd14e1e4c5524","name":"Isabella Tuvo","image":{"@type":"ImageObject","inLanguage":"fr-FR","@id":"https:\/\/isaevents.net\/#\/schema\/person\/image\/","url":"https:\/\/isaevents.net\/wp-content\/uploads\/2024\/07\/ISA_Mail_HEADER.jpg","contentUrl":"https:\/\/isaevents.net\/wp-content\/uploads\/2024\/07\/ISA_Mail_HEADER.jpg","width":1400,"height":446,"caption":"Isabella Tuvo"},"logo":{"@id":"https:\/\/isaevents.net\/#\/schema\/person\/image\/"},"sameAs":["https:\/\/isaevents.net","https:\/\/www.instagram.com\/journeys_offthebeatenpath?igsh=MWZ0YXlzeDRtczhqYw&utm_source=qr","https:\/\/www.linkedin.com\/in\/isabella-tuvo-81a39683?utm_source=share&utm_campaign=share_via&utm_content=profile&utm_medium=ios_app"]}]}},"jetpack_likes_enabled":false,"jetpack_sharing_enabled":true,"_links":{"self":[{"href":"https:\/\/isaevents.net\/fr\/wp-json\/wp\/v2\/pages\/1084","targetHints":{"allow":["GET"]}}],"collection":[{"href":"https:\/\/isaevents.net\/fr\/wp-json\/wp\/v2\/pages"}],"about":[{"href":"https:\/\/isaevents.net\/fr\/wp-json\/wp\/v2\/types\/page"}],"author":[{"embeddable":true,"href":"https:\/\/isaevents.net\/fr\/wp-json\/wp\/v2\/users\/2"}],"replies":[{"embeddable":true,"href":"https:\/\/isaevents.net\/fr\/wp-json\/wp\/v2\/comments?post=1084"}],"version-history":[{"count":7,"href":"https:\/\/isaevents.net\/fr\/wp-json\/wp\/v2\/pages\/1084\/revisions"}],"predecessor-version":[{"id":1131,"href":"https:\/\/isaevents.net\/fr\/wp-json\/wp\/v2\/pages\/1084\/revisions\/1131"}],"wp:attachment":[{"href":"https:\/\/isaevents.net\/fr\/wp-json\/wp\/v2\/media?parent=1084"}],"curies":[{"name":"wp","href":"https:\/\/api.w.org\/{rel}","templated":true}]}}