{"id":477,"date":"2024-01-24T18:30:46","date_gmt":"2024-01-24T18:30:46","guid":{"rendered":"https:\/\/isaevents.net\/?page_id=477"},"modified":"2024-04-07T08:26:50","modified_gmt":"2024-04-07T08:26:50","slug":"collaborations","status":"publish","type":"page","link":"https:\/\/isaevents.net\/fr\/collaborations\/","title":{"rendered":"COLLABORATIONS"},"content":{"rendered":"<p>Au fil des ans, j'ai collabor\u00e9 avec de nombreux traiteurs, d\u00e9corateurs, chefs cuisiniers, artistes et musiciens. Certains d'entre eux ont fait preuve d'une telle cr\u00e9ativit\u00e9 et d'un tel talent qu'ils ont gagn\u00e9 une place sp\u00e9ciale dans ma \"liste de favoris\", transformant ainsi notre partenariat initial en une collaboration de longue dur\u00e9e. <br><br>In this section, you will find detailed information about each member of my \u201cFavorites&nbsp;List\u201d:<\/p>\n\n\n\n<div class=\"wp-block-stackable-button-group stk-block-button-group stk-block stk-805a9f0\" data-block-id=\"805a9f0\"><div class=\"stk-row stk-inner-blocks stk-block-content stk-button-group\">\n<div class=\"wp-block-stackable-button stk-block-button has-text-align-left is-style-plain stk-block stk-1e4c9e7\" data-block-id=\"1e4c9e7\"><style>.stk-1e4c9e7 .stk-button{background:transparent !important}.stk-1e4c9e7 .stk-button:hover:after{background:transparent !important;opacity:1 !important}:where(.stk-hover-parent:hover,.stk-hover-parent.stk--is-hovered) .stk-1e4c9e7 .stk-button:after{background:transparent !important;opacity:1 !important}<\/style><a class=\"stk-link stk-button stk--hover-effect-lift\" href=\"https:\/\/isaevents.net\/artists-artisans\/\"><span class=\"stk-button__inner-text\">Artists &amp; Artisans <\/span><\/a><\/div>\n<\/div><\/div>\n\n\n\n<div class=\"wp-block-stackable-button-group stk-block-button-group stk-block stk-2037ffa\" data-block-id=\"2037ffa\"><div class=\"stk-row stk-inner-blocks stk-block-content stk-button-group\">\n<div class=\"wp-block-stackable-button stk-block-button has-text-align-center is-style-plain stk-block stk-19de87e\" data-block-id=\"19de87e\"><style>.stk-19de87e .stk-button{background:transparent !important}.stk-19de87e .stk-button:hover:after{background:transparent !important;opacity:1 !important}:where(.stk-hover-parent:hover,.stk-hover-parent.stk--is-hovered) .stk-19de87e .stk-button:after{background:transparent !important;opacity:1 !important}<\/style><a class=\"stk-link stk-button stk--hover-effect-lift\" href=\"https:\/\/isaevents.net\/chefs-food-experts\/\"><span class=\"stk-button__inner-text\">Chefs &amp; experts culinaires<\/span><\/a><\/div>\n<\/div><\/div>\n\n\n\n<div class=\"wp-block-stackable-button-group stk-block-button-group stk-block stk-2deda5f\" data-block-id=\"2deda5f\"><div class=\"stk-row stk-inner-blocks stk-block-content stk-button-group\">\n<div class=\"wp-block-stackable-button stk-block-button has-text-align-left is-style-plain stk-block stk-d112cb0\" data-block-id=\"d112cb0\"><style>.stk-d112cb0 .stk-button{background:transparent !important}.stk-d112cb0 .stk-button:hover:after{background:transparent !important;opacity:1 !important}:where(.stk-hover-parent:hover,.stk-hover-parent.stk--is-hovered) .stk-d112cb0 .stk-button:after{background:transparent !important;opacity:1 !important}<\/style><a class=\"stk-link stk-button stk--hover-effect-lift\" href=\"https:\/\/isaevents.net\/resorts-and-venues\/\"><span class=\"stk-button__inner-text\">Resorts &amp; Venues <\/span><\/a><\/div>\n<\/div><\/div>","protected":false},"excerpt":{"rendered":"<p>Throughout the years, I have collaborated with many catering services, decorators, master chefs, artists and musicians. Some of them have shown such creativity and talent that they have won a special place in my \u201cFavorites List\u201d thus turning our initial partnership into a long-time collaboration. In this section, you will find detailed information about each &hellip; <\/p>\n<p class=\"link-more\"><a href=\"https:\/\/isaevents.net\/fr\/collaborations\/\" class=\"more-link\">Continuer la lecture<span class=\"screen-reader-text\"> de &laquo;&nbsp;COLLABORATIONS&nbsp;&raquo;<\/span><\/a><\/p>","protected":false},"author":3,"featured_media":0,"parent":0,"menu_order":0,"comment_status":"closed","ping_status":"closed","template":"","meta":{"footnotes":""},"class_list":["post-477","page","type-page","status-publish","hentry"],"yoast_head":"<!-- This site is optimized with the Yoast SEO plugin v25.7 - https:\/\/yoast.com\/wordpress\/plugins\/seo\/ -->\n<title>COLLABORATIONS - I S A<\/title>\n<meta name=\"robots\" content=\"index, follow, max-snippet:-1, max-image-preview:large, max-video-preview:-1\" \/>\n<link rel=\"canonical\" href=\"https:\/\/isaevents.net\/fr\/collaborations\/\" \/>\n<meta property=\"og:locale\" content=\"fr_FR\" \/>\n<meta property=\"og:type\" content=\"article\" \/>\n<meta property=\"og:title\" content=\"COLLABORATIONS - I S A\" \/>\n<meta property=\"og:description\" content=\"Throughout the years, I have collaborated with many catering services, decorators, master chefs, artists and musicians. Some of them have shown such creativity and talent that they have won a special place in my \u201cFavorites List\u201d thus turning our initial partnership into a long-time collaboration. In this section, you will find detailed information about each &hellip; Continuer la lecture de &laquo;&nbsp;COLLABORATIONS&nbsp;&raquo;\" \/>\n<meta property=\"og:url\" content=\"https:\/\/isaevents.net\/fr\/collaborations\/\" \/>\n<meta property=\"og:site_name\" content=\"I S A\" \/>\n<meta property=\"article:modified_time\" content=\"2024-04-07T08:26:50+00:00\" \/>\n<meta name=\"twitter:card\" content=\"summary_large_image\" \/>\n<meta name=\"twitter:label1\" content=\"Dur\u00e9e de lecture estim\u00e9e\" \/>\n\t<meta name=\"twitter:data1\" content=\"1 minute\" \/>\n<script type=\"application\/ld+json\" class=\"yoast-schema-graph\">{\"@context\":\"https:\/\/schema.org\",\"@graph\":[{\"@type\":\"WebPage\",\"@id\":\"https:\/\/isaevents.net\/collaborations\/\",\"url\":\"https:\/\/isaevents.net\/collaborations\/\",\"name\":\"COLLABORATIONS - I S A\",\"isPartOf\":{\"@id\":\"https:\/\/isaevents.net\/#website\"},\"datePublished\":\"2024-01-24T18:30:46+00:00\",\"dateModified\":\"2024-04-07T08:26:50+00:00\",\"breadcrumb\":{\"@id\":\"https:\/\/isaevents.net\/collaborations\/#breadcrumb\"},\"inLanguage\":\"fr-FR\",\"potentialAction\":[{\"@type\":\"ReadAction\",\"target\":[\"https:\/\/isaevents.net\/collaborations\/\"]}]},{\"@type\":\"BreadcrumbList\",\"@id\":\"https:\/\/isaevents.net\/collaborations\/#breadcrumb\",\"itemListElement\":[{\"@type\":\"ListItem\",\"position\":1,\"name\":\"Home\",\"item\":\"https:\/\/isaevents.net\/\"},{\"@type\":\"ListItem\",\"position\":2,\"name\":\"COLLABORATIONS\"}]},{\"@type\":\"WebSite\",\"@id\":\"https:\/\/isaevents.net\/#website\",\"url\":\"https:\/\/isaevents.net\/\",\"name\":\"I S AEvents\",\"description\":\"ISA Infinite Sensorial Adventures\",\"publisher\":{\"@id\":\"https:\/\/isaevents.net\/#\/schema\/person\/9482146435205e927d4cd14e1e4c5524\"},\"potentialAction\":[{\"@type\":\"SearchAction\",\"target\":{\"@type\":\"EntryPoint\",\"urlTemplate\":\"https:\/\/isaevents.net\/?s={search_term_string}\"},\"query-input\":{\"@type\":\"PropertyValueSpecification\",\"valueRequired\":true,\"valueName\":\"search_term_string\"}}],\"inLanguage\":\"fr-FR\"},{\"@type\":[\"Person\",\"Organization\"],\"@id\":\"https:\/\/isaevents.net\/#\/schema\/person\/9482146435205e927d4cd14e1e4c5524\",\"name\":\"Isabella Tuvo\",\"image\":{\"@type\":\"ImageObject\",\"inLanguage\":\"fr-FR\",\"@id\":\"https:\/\/isaevents.net\/#\/schema\/person\/image\/\",\"url\":\"https:\/\/isaevents.net\/wp-content\/uploads\/2024\/07\/ISA_Mail_HEADER.jpg\",\"contentUrl\":\"https:\/\/isaevents.net\/wp-content\/uploads\/2024\/07\/ISA_Mail_HEADER.jpg\",\"width\":1400,\"height\":446,\"caption\":\"Isabella Tuvo\"},\"logo\":{\"@id\":\"https:\/\/isaevents.net\/#\/schema\/person\/image\/\"},\"sameAs\":[\"https:\/\/isaevents.net\",\"https:\/\/www.instagram.com\/journeys_offthebeatenpath?igsh=MWZ0YXlzeDRtczhqYw&utm_source=qr\",\"https:\/\/www.linkedin.com\/in\/isabella-tuvo-81a39683?utm_source=share&utm_campaign=share_via&utm_content=profile&utm_medium=ios_app\"]}]}<\/script>\n<!-- \/ Yoast SEO plugin. -->","yoast_head_json":{"title":"COLLABORATIONS - I S A","robots":{"index":"index","follow":"follow","max-snippet":"max-snippet:-1","max-image-preview":"max-image-preview:large","max-video-preview":"max-video-preview:-1"},"canonical":"https:\/\/isaevents.net\/fr\/collaborations\/","og_locale":"fr_FR","og_type":"article","og_title":"COLLABORATIONS - I S A","og_description":"Throughout the years, I have collaborated with many catering services, decorators, master chefs, artists and musicians. Some of them have shown such creativity and talent that they have won a special place in my \u201cFavorites List\u201d thus turning our initial partnership into a long-time collaboration. In this section, you will find detailed information about each &hellip; Continuer la lecture de &laquo;&nbsp;COLLABORATIONS&nbsp;&raquo;","og_url":"https:\/\/isaevents.net\/fr\/collaborations\/","og_site_name":"I S A","article_modified_time":"2024-04-07T08:26:50+00:00","twitter_card":"summary_large_image","twitter_misc":{"Dur\u00e9e de lecture estim\u00e9e":"1 minute"},"schema":{"@context":"https:\/\/schema.org","@graph":[{"@type":"WebPage","@id":"https:\/\/isaevents.net\/collaborations\/","url":"https:\/\/isaevents.net\/collaborations\/","name":"COLLABORATIONS - I S A","isPartOf":{"@id":"https:\/\/isaevents.net\/#website"},"datePublished":"2024-01-24T18:30:46+00:00","dateModified":"2024-04-07T08:26:50+00:00","breadcrumb":{"@id":"https:\/\/isaevents.net\/collaborations\/#breadcrumb"},"inLanguage":"fr-FR","potentialAction":[{"@type":"ReadAction","target":["https:\/\/isaevents.net\/collaborations\/"]}]},{"@type":"BreadcrumbList","@id":"https:\/\/isaevents.net\/collaborations\/#breadcrumb","itemListElement":[{"@type":"ListItem","position":1,"name":"Home","item":"https:\/\/isaevents.net\/"},{"@type":"ListItem","position":2,"name":"COLLABORATIONS"}]},{"@type":"WebSite","@id":"https:\/\/isaevents.net\/#website","url":"https:\/\/isaevents.net\/","name":"I S AEvents","description":"ISA Infinite Sensorial Adventures","publisher":{"@id":"https:\/\/isaevents.net\/#\/schema\/person\/9482146435205e927d4cd14e1e4c5524"},"potentialAction":[{"@type":"SearchAction","target":{"@type":"EntryPoint","urlTemplate":"https:\/\/isaevents.net\/?s={search_term_string}"},"query-input":{"@type":"PropertyValueSpecification","valueRequired":true,"valueName":"search_term_string"}}],"inLanguage":"fr-FR"},{"@type":["Person","Organization"],"@id":"https:\/\/isaevents.net\/#\/schema\/person\/9482146435205e927d4cd14e1e4c5524","name":"Isabella Tuvo","image":{"@type":"ImageObject","inLanguage":"fr-FR","@id":"https:\/\/isaevents.net\/#\/schema\/person\/image\/","url":"https:\/\/isaevents.net\/wp-content\/uploads\/2024\/07\/ISA_Mail_HEADER.jpg","contentUrl":"https:\/\/isaevents.net\/wp-content\/uploads\/2024\/07\/ISA_Mail_HEADER.jpg","width":1400,"height":446,"caption":"Isabella Tuvo"},"logo":{"@id":"https:\/\/isaevents.net\/#\/schema\/person\/image\/"},"sameAs":["https:\/\/isaevents.net","https:\/\/www.instagram.com\/journeys_offthebeatenpath?igsh=MWZ0YXlzeDRtczhqYw&utm_source=qr","https:\/\/www.linkedin.com\/in\/isabella-tuvo-81a39683?utm_source=share&utm_campaign=share_via&utm_content=profile&utm_medium=ios_app"]}]}},"jetpack_likes_enabled":false,"jetpack_sharing_enabled":true,"_links":{"self":[{"href":"https:\/\/isaevents.net\/fr\/wp-json\/wp\/v2\/pages\/477","targetHints":{"allow":["GET"]}}],"collection":[{"href":"https:\/\/isaevents.net\/fr\/wp-json\/wp\/v2\/pages"}],"about":[{"href":"https:\/\/isaevents.net\/fr\/wp-json\/wp\/v2\/types\/page"}],"author":[{"embeddable":true,"href":"https:\/\/isaevents.net\/fr\/wp-json\/wp\/v2\/users\/3"}],"replies":[{"embeddable":true,"href":"https:\/\/isaevents.net\/fr\/wp-json\/wp\/v2\/comments?post=477"}],"version-history":[{"count":17,"href":"https:\/\/isaevents.net\/fr\/wp-json\/wp\/v2\/pages\/477\/revisions"}],"predecessor-version":[{"id":880,"href":"https:\/\/isaevents.net\/fr\/wp-json\/wp\/v2\/pages\/477\/revisions\/880"}],"wp:attachment":[{"href":"https:\/\/isaevents.net\/fr\/wp-json\/wp\/v2\/media?parent=477"}],"curies":[{"name":"wp","href":"https:\/\/api.w.org\/{rel}","templated":true}]}}