{"id":523,"date":"2024-01-29T16:12:29","date_gmt":"2024-01-29T16:12:29","guid":{"rendered":"https:\/\/isaevents.net\/?page_id=523"},"modified":"2024-04-06T10:36:33","modified_gmt":"2024-04-06T10:36:33","slug":"chefs-food-experts","status":"publish","type":"page","link":"https:\/\/isaevents.net\/fr\/chefs-food-experts\/","title":{"rendered":"Chefs &amp; experts culinaires"},"content":{"rendered":"<h3 class=\"wp-block-heading\"><a href=\"#Carmelo-Chiaramonte\"><span style=\"color: #0693e3;\" class=\"stk-highlight\">Carmelo Chiaramonte<\/span><\/a> &#8211; <em>Master chef<\/em><\/h3>\n\n\n\n<h3 class=\"wp-block-heading\"><a href=\"#Gennaro-Esposito\"><span style=\"color: #0693e3;\" class=\"stk-highlight\">Gennaro Esposito<\/span><\/a> &#8211; <em>Master chef<\/em><\/h3>\n\n\n\n<h3 class=\"wp-block-heading\"><a href=\"#Salvatore-Naselli\"><span style=\"color: #0693e3;\" class=\"stk-highlight\">Salvatore Naselli<\/span><\/a> &#8211; <em>Ma\u00eetre glacier<\/em><\/h3>\n\n\n\n<p id=\"Carmelo-Chiaramonte\"><br><br><strong>Carmelo Chiaramonte<\/strong><br><em>Master chef<\/em><\/p>\n\n\n<div class=\"wp-block-image is-style-rounded\">\n<figure data-wp-context=\"{&quot;imageId&quot;:&quot;6a00e39c1cf33&quot;}\" data-wp-interactive=\"core\/image\" data-wp-key=\"6a00e39c1cf33\" class=\"aligncenter size-full wp-lightbox-container\"><img loading=\"lazy\" decoding=\"async\" width=\"513\" height=\"970\" data-wp-class--hide=\"state.isContentHidden\" data-wp-class--show=\"state.isContentVisible\" data-wp-init=\"callbacks.setButtonStyles\" data-wp-on--click=\"actions.showLightbox\" data-wp-on--load=\"callbacks.setButtonStyles\" data-wp-on-window--resize=\"callbacks.setButtonStyles\" src=\"https:\/\/isaevents.net\/wp-content\/uploads\/2024\/04\/Foto_Carmelo-1.jpg\" alt=\"\" class=\"wp-image-872\" srcset=\"https:\/\/isaevents.net\/wp-content\/uploads\/2024\/04\/Foto_Carmelo-1.jpg 513w, https:\/\/isaevents.net\/wp-content\/uploads\/2024\/04\/Foto_Carmelo-1-159x300.jpg 159w, https:\/\/isaevents.net\/wp-content\/uploads\/2024\/04\/Foto_Carmelo-1-6x12.jpg 6w, https:\/\/isaevents.net\/wp-content\/uploads\/2024\/04\/Foto_Carmelo-1-350x662.jpg 350w\" sizes=\"auto, (max-width: 513px) 100vw, 513px\" \/><button\n\t\t\tclass=\"lightbox-trigger\"\n\t\t\ttype=\"button\"\n\t\t\taria-haspopup=\"dialog\"\n\t\t\taria-label=\"Agrandir\"\n\t\t\tdata-wp-init=\"callbacks.initTriggerButton\"\n\t\t\tdata-wp-on--click=\"actions.showLightbox\"\n\t\t\tdata-wp-style--right=\"state.imageButtonRight\"\n\t\t\tdata-wp-style--top=\"state.imageButtonTop\"\n\t\t>\n\t\t\t<svg xmlns=\"http:\/\/www.w3.org\/2000\/svg\" width=\"12\" height=\"12\" fill=\"none\" viewbox=\"0 0 12 12\">\n\t\t\t\t<path fill=\"#fff\" d=\"M2 0a2 2 0 0 0-2 2v2h1.5V2a.5.5 0 0 1 .5-.5h2V0H2Zm2 10.5H2a.5.5 0 0 1-.5-.5V8H0v2a2 2 0 0 0 2 2h2v-1.5ZM8 12v-1.5h2a.5.5 0 0 0 .5-.5V8H12v2a2 2 0 0 1-2 2H8Zm2-12a2 2 0 0 1 2 2v2h-1.5V2a.5.5 0 0 0-.5-.5H8V0h2Z\" \/>\n\t\t\t<\/svg>\n\t\t<\/button><\/figure>\n<\/div>\n\n\n<p class=\"has-text-align-left\">Carmelo est l\u2019un des chefs les plus talentueux et les plus cr\u00e9atifs que j\u2019ai jamais rencontr\u00e9s. Sa curiosit\u00e9, sa recherche constante et sa capacit\u00e9 inn\u00e9e \u00e0 combiner les go\u00fbts et les saveurs rendent ses recettes toujours uniques, surprenantes et d\u00e9licieuses.<br><br>Carmelo a une vaste exp\u00e9rience culinaire. Il a travaill\u00e9 comme chef principal pour plusieurs restaurants avant de suivre son esprit libre et de devenir un \u00ab\u00a0cuisinier itin\u00e9rant\u00a0\u00bb (comme il se d\u00e9finissait lui-m\u00eame) et il a fini par ouvrir son propre restaurant <a href=\"https:\/\/www.facebook.com\/caromelo.osteria\/\" target=\"_blank\" rel=\"noreferrer noopener\"><span style=\"color: #0693e3;\" class=\"stk-highlight\">Caro Melo<\/span><\/a> \u00e0 Donnalucata, en Sicile, qu\u2019il appelle \u00ab\u00a0osteria rituale\u00a0\u00bb (taverne rituelle). Une approche po\u00e9tique \u00e0 la cuisine m\u00e9diterran\u00e9enne. \u00c0 ne pas manquer !<\/p>\n\n\n\n<p>I have been collaborating with Carmelo for a long time and I cannot stop recommending his cuisine. Should you wish to book his services for any events out of Italy, don&#8217;t hesitate to <a href=\"https:\/\/isaevents.net\/contact\/\" target=\"_blank\" rel=\"noreferrer noopener\"><span style=\"color: #0693e3;\" class=\"stk-highlight\">me contacter<\/span><\/a>.<\/p>\n\n\n\n<div class=\"wp-block-stackable-button-group stk-block-button-group stk-block stk-a7f55e5\" data-block-id=\"a7f55e5\"><div class=\"stk-row stk-inner-blocks stk-block-content stk-button-group\">\n<div class=\"wp-block-stackable-button stk-block-button has-text-align-left is-style-plain stk-block stk-3430745\" data-block-id=\"3430745\"><style>.stk-3430745 .stk-button{background:transparent !important}.stk-3430745 .stk-button:hover:after{background:transparent !important;opacity:1 !important}:where(.stk-hover-parent:hover,.stk-hover-parent.stk--is-hovered) .stk-3430745 .stk-button:after{background:transparent !important;opacity:1 !important}<\/style><a class=\"stk-link stk-button stk--hover-effect-lift\" href=\"https:\/\/www.carmelochiaramonte.it\/\" target=\"_blank\" rel=\"noreferrer noopener\"><span class=\"stk-button__inner-text\">Site web de Carmelo Chiaramonte<\/span><\/a><\/div>\n<\/div><\/div>\n\n\n\n<p id=\"Gennaro-Esposito\"><br><br><strong>Gennaro Esposito<\/strong><br><em>Master chef<\/em><\/p>\n\n\n<div class=\"wp-block-image is-style-rounded\">\n<figure data-wp-context=\"{&quot;imageId&quot;:&quot;6a00e39c1da57&quot;}\" data-wp-interactive=\"core\/image\" data-wp-key=\"6a00e39c1da57\" class=\"aligncenter size-large wp-lightbox-container\"><img loading=\"lazy\" decoding=\"async\" width=\"844\" height=\"1024\" data-wp-class--hide=\"state.isContentHidden\" data-wp-class--show=\"state.isContentVisible\" data-wp-init=\"callbacks.setButtonStyles\" data-wp-on--click=\"actions.showLightbox\" data-wp-on--load=\"callbacks.setButtonStyles\" data-wp-on-window--resize=\"callbacks.setButtonStyles\" src=\"https:\/\/isaevents.net\/wp-content\/uploads\/2024\/04\/Foto_Isa-Gennaro-1-844x1024.jpg\" alt=\"\" class=\"wp-image-823\" style=\"object-fit:cover\" srcset=\"https:\/\/isaevents.net\/wp-content\/uploads\/2024\/04\/Foto_Isa-Gennaro-1-844x1024.jpg 844w, https:\/\/isaevents.net\/wp-content\/uploads\/2024\/04\/Foto_Isa-Gennaro-1-247x300.jpg 247w, https:\/\/isaevents.net\/wp-content\/uploads\/2024\/04\/Foto_Isa-Gennaro-1-768x931.jpg 768w, https:\/\/isaevents.net\/wp-content\/uploads\/2024\/04\/Foto_Isa-Gennaro-1-10x12.jpg 10w, https:\/\/isaevents.net\/wp-content\/uploads\/2024\/04\/Foto_Isa-Gennaro-1-350x424.jpg 350w, https:\/\/isaevents.net\/wp-content\/uploads\/2024\/04\/Foto_Isa-Gennaro-1.jpg 949w\" sizes=\"auto, (max-width: 767px) 89vw, (max-width: 1000px) 54vw, (max-width: 1071px) 543px, 580px\" \/><button\n\t\t\tclass=\"lightbox-trigger\"\n\t\t\ttype=\"button\"\n\t\t\taria-haspopup=\"dialog\"\n\t\t\taria-label=\"Agrandir\"\n\t\t\tdata-wp-init=\"callbacks.initTriggerButton\"\n\t\t\tdata-wp-on--click=\"actions.showLightbox\"\n\t\t\tdata-wp-style--right=\"state.imageButtonRight\"\n\t\t\tdata-wp-style--top=\"state.imageButtonTop\"\n\t\t>\n\t\t\t<svg xmlns=\"http:\/\/www.w3.org\/2000\/svg\" width=\"12\" height=\"12\" fill=\"none\" viewbox=\"0 0 12 12\">\n\t\t\t\t<path fill=\"#fff\" d=\"M2 0a2 2 0 0 0-2 2v2h1.5V2a.5.5 0 0 1 .5-.5h2V0H2Zm2 10.5H2a.5.5 0 0 1-.5-.5V8H0v2a2 2 0 0 0 2 2h2v-1.5ZM8 12v-1.5h2a.5.5 0 0 0 .5-.5V8H12v2a2 2 0 0 1-2 2H8Zm2-12a2 2 0 0 1 2 2v2h-1.5V2a.5.5 0 0 0-.5-.5H8V0h2Z\" \/>\n\t\t\t<\/svg>\n\t\t<\/button><\/figure>\n<\/div>\n\n\n<p>Gennaro is a multi-starred chef of international renown: after founding his prestigious restaurant La Torre del Saracino in 1991 in Vico Equense, his hometown, he was awarded his first Michelin star in 2001 and his second in 2008.<br>But in addition to his undisputed talent and fame, the qualities that make Gennaro a special chef and for which he has all my respect and admiration are: his love for his land, which is reflected in the choice of products he works with and in the preparation of his dishes; his humility, which I have been able to appreciate during our collaboration; and his attachment to his family, which is always in his thoughts, even in the most stressful moments.<\/p>\n\n\n\n<p>I am flattered and honoured to have had the opportunity to work with him and to continue to count him among my favourite collaborators. I can only highly recommend his excellent restaurant La Torre del Saracino, located in a picturesque setting by the sea in&nbsp;Vico&nbsp;Equense.<\/p>\n\n\n\n<div class=\"wp-block-stackable-button-group stk-block-button-group stk-block stk-7f1ad79\" data-block-id=\"7f1ad79\"><div class=\"stk-row stk-inner-blocks stk-block-content stk-button-group\">\n<div class=\"wp-block-stackable-button stk-block-button has-text-align-left is-style-plain stk-block stk-7b841df\" data-block-id=\"7b841df\"><style>.stk-7b841df .stk-button{background:transparent !important}.stk-7b841df .stk-button:hover:after{background:transparent !important;opacity:1 !important}:where(.stk-hover-parent:hover,.stk-hover-parent.stk--is-hovered) .stk-7b841df .stk-button:after{background:transparent !important;opacity:1 !important}<\/style><a class=\"stk-link stk-button stk--hover-effect-lift\" href=\"https:\/\/www.gennaroespositochef.com\/\" target=\"_blank\" rel=\"noreferrer noopener\"><span class=\"stk-button__inner-text\">Gennaro Esposito&#8217;s official website<\/span><\/a><\/div>\n<\/div><\/div>\n\n\n\n<p id=\"Salvatore-Naselli\"><br><br><strong>Salvatore Naselli<\/strong><br><em>Ma\u00eetre glacier<\/em><\/p>\n\n\n<div class=\"wp-block-image is-style-rounded\">\n<figure data-wp-context=\"{&quot;imageId&quot;:&quot;6a00e39c1e46b&quot;}\" data-wp-interactive=\"core\/image\" data-wp-key=\"6a00e39c1e46b\" class=\"aligncenter size-full wp-lightbox-container\"><img loading=\"lazy\" decoding=\"async\" width=\"1706\" height=\"2560\" data-wp-class--hide=\"state.isContentHidden\" data-wp-class--show=\"state.isContentVisible\" data-wp-init=\"callbacks.setButtonStyles\" data-wp-on--click=\"actions.showLightbox\" data-wp-on--load=\"callbacks.setButtonStyles\" data-wp-on-window--resize=\"callbacks.setButtonStyles\" src=\"https:\/\/isaevents.net\/wp-content\/uploads\/2024\/01\/Foto-Salvatore-scaled.jpg\" alt=\"\" class=\"wp-image-534\" style=\"object-fit:cover\" srcset=\"https:\/\/isaevents.net\/wp-content\/uploads\/2024\/01\/Foto-Salvatore-scaled.jpg 1706w, https:\/\/isaevents.net\/wp-content\/uploads\/2024\/01\/Foto-Salvatore-200x300.jpg 200w, https:\/\/isaevents.net\/wp-content\/uploads\/2024\/01\/Foto-Salvatore-683x1024.jpg 683w, https:\/\/isaevents.net\/wp-content\/uploads\/2024\/01\/Foto-Salvatore-768x1152.jpg 768w, https:\/\/isaevents.net\/wp-content\/uploads\/2024\/01\/Foto-Salvatore-1024x1536.jpg 1024w, https:\/\/isaevents.net\/wp-content\/uploads\/2024\/01\/Foto-Salvatore-1365x2048.jpg 1365w, https:\/\/isaevents.net\/wp-content\/uploads\/2024\/01\/Foto-Salvatore-8x12.jpg 8w, https:\/\/isaevents.net\/wp-content\/uploads\/2024\/01\/Foto-Salvatore-1320x1980.jpg 1320w, https:\/\/isaevents.net\/wp-content\/uploads\/2024\/01\/Foto-Salvatore-350x525.jpg 350w\" sizes=\"auto, (max-width: 767px) 89vw, (max-width: 1000px) 54vw, (max-width: 1071px) 543px, 580px\" \/><button\n\t\t\tclass=\"lightbox-trigger\"\n\t\t\ttype=\"button\"\n\t\t\taria-haspopup=\"dialog\"\n\t\t\taria-label=\"Agrandir\"\n\t\t\tdata-wp-init=\"callbacks.initTriggerButton\"\n\t\t\tdata-wp-on--click=\"actions.showLightbox\"\n\t\t\tdata-wp-style--right=\"state.imageButtonRight\"\n\t\t\tdata-wp-style--top=\"state.imageButtonTop\"\n\t\t>\n\t\t\t<svg xmlns=\"http:\/\/www.w3.org\/2000\/svg\" width=\"12\" height=\"12\" fill=\"none\" viewbox=\"0 0 12 12\">\n\t\t\t\t<path fill=\"#fff\" d=\"M2 0a2 2 0 0 0-2 2v2h1.5V2a.5.5 0 0 1 .5-.5h2V0H2Zm2 10.5H2a.5.5 0 0 1-.5-.5V8H0v2a2 2 0 0 0 2 2h2v-1.5ZM8 12v-1.5h2a.5.5 0 0 0 .5-.5V8H12v2a2 2 0 0 1-2 2H8Zm2-12a2 2 0 0 1 2 2v2h-1.5V2a.5.5 0 0 0-.5-.5H8V0h2Z\" \/>\n\t\t\t<\/svg>\n\t\t<\/button><\/figure>\n<\/div>\n\n\n<p>Vous n'avez pas go\u00fbt\u00e9 une v\u00e9ritable glace artisanale italienne si vous n'avez pas essay\u00e9 celles fabriqu\u00e9es par Salvatore Naselli du Naselli Bar \u00e0 Castelbuono, en Sicile. Ses glaces, mais aussi ses granit\u00e9s et ses desserts sont \u00e0 tomber, toujours pr\u00e9par\u00e9s avec les ingr\u00e9dients de saison les plus frais.<br> <br>J'ai collabor\u00e9 avec Salvatore sur de nombreux \u00e9v\u00e9nements et je suis fi\u00e8re d'annoncer que je suis son agent pour les demandes d'\u00e9v\u00e9nements en dehors de l'Italie. &nbsp;<br><br>Alors, si vous souhaitez un coin glaces ou un chariot typique servant des glaces lors de votre \u00e9v\u00e9nement ou de votre f\u00eate, je me ferai un plaisir de vous aider ! <a href=\"https:\/\/isaevents.net\/contact\/\" target=\"_blank\" rel=\"noreferrer noopener\"><span style=\"color: #0693e3;\" class=\"stk-highlight\">Contactez-moi<\/span><\/a>.<\/p>\n\n\n\n<div class=\"wp-block-stackable-button-group stk-block-button-group stk-block stk-8cde964\" data-block-id=\"8cde964\"><div class=\"stk-row stk-inner-blocks stk-block-content stk-button-group\">\n<div class=\"wp-block-stackable-button stk-block-button has-text-align-left is-style-plain stk-block stk-156dd5f\" data-block-id=\"156dd5f\"><style>.stk-156dd5f .stk-button{background:transparent !important}.stk-156dd5f .stk-button:hover:after{background:transparent !important;opacity:1 !important}:where(.stk-hover-parent:hover,.stk-hover-parent.stk--is-hovered) .stk-156dd5f .stk-button:after{background:transparent !important;opacity:1 !important}<\/style><a class=\"stk-link stk-button stk--hover-effect-lift\" href=\"https:\/\/www.facebook.com\/naselli.castelbuono\/\" target=\"_blank\" rel=\"noreferrer noopener\"><span class=\"stk-button__inner-text\">Page Facebook de Salvatore Naselli<\/span><\/a><\/div>\n<\/div><\/div>","protected":false},"excerpt":{"rendered":"<p>Carmelo Chiaramonte &#8211; Master chef Gennaro Esposito &#8211; Master chef Salvatore Naselli &#8211; Master ice-cream maker Carmelo ChiaramonteMaster chef Carmelo is one of the most talented and creative chefs I&#8217;ve ever met. His curiosity, together with his constant research and his innate ability to combine tastes and flavours make his recipes always unique, surprising and &hellip; <\/p>\n<p class=\"link-more\"><a href=\"https:\/\/isaevents.net\/fr\/chefs-food-experts\/\" class=\"more-link\">Continuer la lecture<span class=\"screen-reader-text\"> de &laquo;&nbsp;Chefs &amp; Food Experts&nbsp;&raquo;<\/span><\/a><\/p>","protected":false},"author":3,"featured_media":0,"parent":0,"menu_order":0,"comment_status":"closed","ping_status":"closed","template":"","meta":{"footnotes":""},"class_list":["post-523","page","type-page","status-publish","hentry"],"yoast_head":"<!-- This site is optimized with the Yoast SEO plugin v25.7 - https:\/\/yoast.com\/wordpress\/plugins\/seo\/ -->\n<title>Chefs &amp; Food Experts - I S A<\/title>\n<meta name=\"robots\" content=\"index, follow, max-snippet:-1, max-image-preview:large, max-video-preview:-1\" \/>\n<link rel=\"canonical\" href=\"https:\/\/isaevents.net\/fr\/chefs-food-experts\/\" \/>\n<meta property=\"og:locale\" content=\"fr_FR\" \/>\n<meta property=\"og:type\" content=\"article\" \/>\n<meta property=\"og:title\" content=\"Chefs &amp; Food Experts - I S A\" \/>\n<meta property=\"og:description\" content=\"Carmelo Chiaramonte &#8211; Master chef Gennaro Esposito &#8211; Master chef Salvatore Naselli &#8211; Master ice-cream maker Carmelo ChiaramonteMaster chef Carmelo is one of the most talented and creative chefs I&#8217;ve ever met. His curiosity, together with his constant research and his innate ability to combine tastes and flavours make his recipes always unique, surprising and &hellip; Continuer la lecture de &laquo;&nbsp;Chefs &amp; Food Experts&nbsp;&raquo;\" \/>\n<meta property=\"og:url\" content=\"https:\/\/isaevents.net\/fr\/chefs-food-experts\/\" \/>\n<meta property=\"og:site_name\" content=\"I S A\" \/>\n<meta property=\"article:modified_time\" content=\"2024-04-06T10:36:33+00:00\" \/>\n<meta property=\"og:image\" content=\"https:\/\/isaevents.net\/wp-content\/uploads\/2024\/04\/Foto_Carmelo-1.jpg\" \/>\n<meta name=\"twitter:card\" content=\"summary_large_image\" \/>\n<meta name=\"twitter:label1\" content=\"Dur\u00e9e de lecture estim\u00e9e\" \/>\n\t<meta name=\"twitter:data1\" content=\"3 minutes\" \/>\n<script type=\"application\/ld+json\" class=\"yoast-schema-graph\">{\"@context\":\"https:\/\/schema.org\",\"@graph\":[{\"@type\":\"WebPage\",\"@id\":\"https:\/\/isaevents.net\/chefs-food-experts\/\",\"url\":\"https:\/\/isaevents.net\/chefs-food-experts\/\",\"name\":\"Chefs &amp; Food Experts - I S A\",\"isPartOf\":{\"@id\":\"https:\/\/isaevents.net\/#website\"},\"primaryImageOfPage\":{\"@id\":\"https:\/\/isaevents.net\/chefs-food-experts\/#primaryimage\"},\"image\":{\"@id\":\"https:\/\/isaevents.net\/chefs-food-experts\/#primaryimage\"},\"thumbnailUrl\":\"https:\/\/isaevents.net\/wp-content\/uploads\/2024\/04\/Foto_Carmelo-1.jpg\",\"datePublished\":\"2024-01-29T16:12:29+00:00\",\"dateModified\":\"2024-04-06T10:36:33+00:00\",\"breadcrumb\":{\"@id\":\"https:\/\/isaevents.net\/chefs-food-experts\/#breadcrumb\"},\"inLanguage\":\"fr-FR\",\"potentialAction\":[{\"@type\":\"ReadAction\",\"target\":[\"https:\/\/isaevents.net\/chefs-food-experts\/\"]}]},{\"@type\":\"ImageObject\",\"inLanguage\":\"fr-FR\",\"@id\":\"https:\/\/isaevents.net\/chefs-food-experts\/#primaryimage\",\"url\":\"https:\/\/isaevents.net\/wp-content\/uploads\/2024\/04\/Foto_Carmelo-1.jpg\",\"contentUrl\":\"https:\/\/isaevents.net\/wp-content\/uploads\/2024\/04\/Foto_Carmelo-1.jpg\"},{\"@type\":\"BreadcrumbList\",\"@id\":\"https:\/\/isaevents.net\/chefs-food-experts\/#breadcrumb\",\"itemListElement\":[{\"@type\":\"ListItem\",\"position\":1,\"name\":\"Home\",\"item\":\"https:\/\/isaevents.net\/\"},{\"@type\":\"ListItem\",\"position\":2,\"name\":\"Chefs &amp; Food Experts\"}]},{\"@type\":\"WebSite\",\"@id\":\"https:\/\/isaevents.net\/#website\",\"url\":\"https:\/\/isaevents.net\/\",\"name\":\"I S AEvents\",\"description\":\"ISA Infinite Sensorial Adventures\",\"publisher\":{\"@id\":\"https:\/\/isaevents.net\/#\/schema\/person\/9482146435205e927d4cd14e1e4c5524\"},\"potentialAction\":[{\"@type\":\"SearchAction\",\"target\":{\"@type\":\"EntryPoint\",\"urlTemplate\":\"https:\/\/isaevents.net\/?s={search_term_string}\"},\"query-input\":{\"@type\":\"PropertyValueSpecification\",\"valueRequired\":true,\"valueName\":\"search_term_string\"}}],\"inLanguage\":\"fr-FR\"},{\"@type\":[\"Person\",\"Organization\"],\"@id\":\"https:\/\/isaevents.net\/#\/schema\/person\/9482146435205e927d4cd14e1e4c5524\",\"name\":\"Isabella Tuvo\",\"image\":{\"@type\":\"ImageObject\",\"inLanguage\":\"fr-FR\",\"@id\":\"https:\/\/isaevents.net\/#\/schema\/person\/image\/\",\"url\":\"https:\/\/isaevents.net\/wp-content\/uploads\/2024\/07\/ISA_Mail_HEADER.jpg\",\"contentUrl\":\"https:\/\/isaevents.net\/wp-content\/uploads\/2024\/07\/ISA_Mail_HEADER.jpg\",\"width\":1400,\"height\":446,\"caption\":\"Isabella Tuvo\"},\"logo\":{\"@id\":\"https:\/\/isaevents.net\/#\/schema\/person\/image\/\"},\"sameAs\":[\"https:\/\/isaevents.net\",\"https:\/\/www.instagram.com\/journeys_offthebeatenpath?igsh=MWZ0YXlzeDRtczhqYw&utm_source=qr\",\"https:\/\/www.linkedin.com\/in\/isabella-tuvo-81a39683?utm_source=share&utm_campaign=share_via&utm_content=profile&utm_medium=ios_app\"]}]}<\/script>\n<!-- \/ Yoast SEO plugin. -->","yoast_head_json":{"title":"Chefs &amp; Food Experts - I S A","robots":{"index":"index","follow":"follow","max-snippet":"max-snippet:-1","max-image-preview":"max-image-preview:large","max-video-preview":"max-video-preview:-1"},"canonical":"https:\/\/isaevents.net\/fr\/chefs-food-experts\/","og_locale":"fr_FR","og_type":"article","og_title":"Chefs &amp; Food Experts - I S A","og_description":"Carmelo Chiaramonte &#8211; Master chef Gennaro Esposito &#8211; Master chef Salvatore Naselli &#8211; Master ice-cream maker Carmelo ChiaramonteMaster chef Carmelo is one of the most talented and creative chefs I&#8217;ve ever met. His curiosity, together with his constant research and his innate ability to combine tastes and flavours make his recipes always unique, surprising and &hellip; Continuer la lecture de &laquo;&nbsp;Chefs &amp; Food Experts&nbsp;&raquo;","og_url":"https:\/\/isaevents.net\/fr\/chefs-food-experts\/","og_site_name":"I S A","article_modified_time":"2024-04-06T10:36:33+00:00","og_image":[{"url":"https:\/\/isaevents.net\/wp-content\/uploads\/2024\/04\/Foto_Carmelo-1.jpg","type":"","width":"","height":""}],"twitter_card":"summary_large_image","twitter_misc":{"Dur\u00e9e de lecture estim\u00e9e":"3 minutes"},"schema":{"@context":"https:\/\/schema.org","@graph":[{"@type":"WebPage","@id":"https:\/\/isaevents.net\/chefs-food-experts\/","url":"https:\/\/isaevents.net\/chefs-food-experts\/","name":"Chefs &amp; Food Experts - I S A","isPartOf":{"@id":"https:\/\/isaevents.net\/#website"},"primaryImageOfPage":{"@id":"https:\/\/isaevents.net\/chefs-food-experts\/#primaryimage"},"image":{"@id":"https:\/\/isaevents.net\/chefs-food-experts\/#primaryimage"},"thumbnailUrl":"https:\/\/isaevents.net\/wp-content\/uploads\/2024\/04\/Foto_Carmelo-1.jpg","datePublished":"2024-01-29T16:12:29+00:00","dateModified":"2024-04-06T10:36:33+00:00","breadcrumb":{"@id":"https:\/\/isaevents.net\/chefs-food-experts\/#breadcrumb"},"inLanguage":"fr-FR","potentialAction":[{"@type":"ReadAction","target":["https:\/\/isaevents.net\/chefs-food-experts\/"]}]},{"@type":"ImageObject","inLanguage":"fr-FR","@id":"https:\/\/isaevents.net\/chefs-food-experts\/#primaryimage","url":"https:\/\/isaevents.net\/wp-content\/uploads\/2024\/04\/Foto_Carmelo-1.jpg","contentUrl":"https:\/\/isaevents.net\/wp-content\/uploads\/2024\/04\/Foto_Carmelo-1.jpg"},{"@type":"BreadcrumbList","@id":"https:\/\/isaevents.net\/chefs-food-experts\/#breadcrumb","itemListElement":[{"@type":"ListItem","position":1,"name":"Home","item":"https:\/\/isaevents.net\/"},{"@type":"ListItem","position":2,"name":"Chefs &amp; Food Experts"}]},{"@type":"WebSite","@id":"https:\/\/isaevents.net\/#website","url":"https:\/\/isaevents.net\/","name":"I S AEvents","description":"ISA Infinite Sensorial Adventures","publisher":{"@id":"https:\/\/isaevents.net\/#\/schema\/person\/9482146435205e927d4cd14e1e4c5524"},"potentialAction":[{"@type":"SearchAction","target":{"@type":"EntryPoint","urlTemplate":"https:\/\/isaevents.net\/?s={search_term_string}"},"query-input":{"@type":"PropertyValueSpecification","valueRequired":true,"valueName":"search_term_string"}}],"inLanguage":"fr-FR"},{"@type":["Person","Organization"],"@id":"https:\/\/isaevents.net\/#\/schema\/person\/9482146435205e927d4cd14e1e4c5524","name":"Isabella Tuvo","image":{"@type":"ImageObject","inLanguage":"fr-FR","@id":"https:\/\/isaevents.net\/#\/schema\/person\/image\/","url":"https:\/\/isaevents.net\/wp-content\/uploads\/2024\/07\/ISA_Mail_HEADER.jpg","contentUrl":"https:\/\/isaevents.net\/wp-content\/uploads\/2024\/07\/ISA_Mail_HEADER.jpg","width":1400,"height":446,"caption":"Isabella Tuvo"},"logo":{"@id":"https:\/\/isaevents.net\/#\/schema\/person\/image\/"},"sameAs":["https:\/\/isaevents.net","https:\/\/www.instagram.com\/journeys_offthebeatenpath?igsh=MWZ0YXlzeDRtczhqYw&utm_source=qr","https:\/\/www.linkedin.com\/in\/isabella-tuvo-81a39683?utm_source=share&utm_campaign=share_via&utm_content=profile&utm_medium=ios_app"]}]}},"jetpack_likes_enabled":false,"jetpack_sharing_enabled":true,"_links":{"self":[{"href":"https:\/\/isaevents.net\/fr\/wp-json\/wp\/v2\/pages\/523","targetHints":{"allow":["GET"]}}],"collection":[{"href":"https:\/\/isaevents.net\/fr\/wp-json\/wp\/v2\/pages"}],"about":[{"href":"https:\/\/isaevents.net\/fr\/wp-json\/wp\/v2\/types\/page"}],"author":[{"embeddable":true,"href":"https:\/\/isaevents.net\/fr\/wp-json\/wp\/v2\/users\/3"}],"replies":[{"embeddable":true,"href":"https:\/\/isaevents.net\/fr\/wp-json\/wp\/v2\/comments?post=523"}],"version-history":[{"count":54,"href":"https:\/\/isaevents.net\/fr\/wp-json\/wp\/v2\/pages\/523\/revisions"}],"predecessor-version":[{"id":875,"href":"https:\/\/isaevents.net\/fr\/wp-json\/wp\/v2\/pages\/523\/revisions\/875"}],"wp:attachment":[{"href":"https:\/\/isaevents.net\/fr\/wp-json\/wp\/v2\/media?parent=523"}],"curies":[{"name":"wp","href":"https:\/\/api.w.org\/{rel}","templated":true}]}}