{"id":561,"date":"2024-01-30T17:34:13","date_gmt":"2024-01-30T17:34:13","guid":{"rendered":"https:\/\/isaevents.net\/?page_id=561"},"modified":"2024-04-06T10:22:13","modified_gmt":"2024-04-06T10:22:13","slug":"artists-artisans","status":"publish","type":"page","link":"https:\/\/isaevents.net\/fr\/artists-artisans\/","title":{"rendered":"Artists &amp; Artisans"},"content":{"rendered":"<h3 class=\"wp-block-heading\"><a href=\"#Caterina-Maioli\"><span style=\"color: #0693e3;\" class=\"stk-highlight\">Caterina Maioli<\/span><\/a> &#8211; <em>Master fabric dyer<\/em><\/h3>\n\n\n\n<h3 class=\"wp-block-heading\"><a href=\"#Paolo-Traverso\"><span style=\"color: #0693e3;\" class=\"stk-highlight\">Paolo Traverso<\/span><\/a><span style=\"color: #0693e3;\" class=\"stk-highlight\"> <\/span>&#8211; <em>Musicien et artiste multim\u00e9dia<\/em><\/h3>\n\n\n\n<p id=\"Caterina-Maioli\"><br><br><strong>Caterina Maioli<\/strong><br><em>Master fabric dyer<\/em><\/p>\n\n\n<div class=\"wp-block-image is-style-rounded\">\n<figure data-wp-context=\"{&quot;imageId&quot;:&quot;69fd23cbd549d&quot;}\" data-wp-interactive=\"core\/image\" data-wp-key=\"69fd23cbd549d\" class=\"aligncenter size-full wp-lightbox-container\"><img loading=\"lazy\" decoding=\"async\" width=\"1600\" height=\"1600\" data-wp-class--hide=\"state.isContentHidden\" data-wp-class--show=\"state.isContentVisible\" data-wp-init=\"callbacks.setButtonStyles\" data-wp-on--click=\"actions.showLightbox\" data-wp-on--load=\"callbacks.setButtonStyles\" data-wp-on-window--resize=\"callbacks.setButtonStyles\" src=\"https:\/\/isaevents.net\/wp-content\/uploads\/2024\/03\/Caterina_01.jpg\" alt=\"\" class=\"wp-image-729\" srcset=\"https:\/\/isaevents.net\/wp-content\/uploads\/2024\/03\/Caterina_01.jpg 1600w, https:\/\/isaevents.net\/wp-content\/uploads\/2024\/03\/Caterina_01-300x300.jpg 300w, https:\/\/isaevents.net\/wp-content\/uploads\/2024\/03\/Caterina_01-1024x1024.jpg 1024w, https:\/\/isaevents.net\/wp-content\/uploads\/2024\/03\/Caterina_01-150x150.jpg 150w, https:\/\/isaevents.net\/wp-content\/uploads\/2024\/03\/Caterina_01-768x768.jpg 768w, https:\/\/isaevents.net\/wp-content\/uploads\/2024\/03\/Caterina_01-1536x1536.jpg 1536w, https:\/\/isaevents.net\/wp-content\/uploads\/2024\/03\/Caterina_01-12x12.jpg 12w, https:\/\/isaevents.net\/wp-content\/uploads\/2024\/03\/Caterina_01-100x100.jpg 100w, https:\/\/isaevents.net\/wp-content\/uploads\/2024\/03\/Caterina_01-1320x1320.jpg 1320w, https:\/\/isaevents.net\/wp-content\/uploads\/2024\/03\/Caterina_01-250x250.jpg 250w, https:\/\/isaevents.net\/wp-content\/uploads\/2024\/03\/Caterina_01-350x350.jpg 350w\" sizes=\"auto, (max-width: 767px) 89vw, (max-width: 1000px) 54vw, (max-width: 1071px) 543px, 580px\" \/><button\n\t\t\tclass=\"lightbox-trigger\"\n\t\t\ttype=\"button\"\n\t\t\taria-haspopup=\"dialog\"\n\t\t\taria-label=\"Agrandir\"\n\t\t\tdata-wp-init=\"callbacks.initTriggerButton\"\n\t\t\tdata-wp-on--click=\"actions.showLightbox\"\n\t\t\tdata-wp-style--right=\"state.imageButtonRight\"\n\t\t\tdata-wp-style--top=\"state.imageButtonTop\"\n\t\t>\n\t\t\t<svg xmlns=\"http:\/\/www.w3.org\/2000\/svg\" width=\"12\" height=\"12\" fill=\"none\" viewbox=\"0 0 12 12\">\n\t\t\t\t<path fill=\"#fff\" d=\"M2 0a2 2 0 0 0-2 2v2h1.5V2a.5.5 0 0 1 .5-.5h2V0H2Zm2 10.5H2a.5.5 0 0 1-.5-.5V8H0v2a2 2 0 0 0 2 2h2v-1.5ZM8 12v-1.5h2a.5.5 0 0 0 .5-.5V8H12v2a2 2 0 0 1-2 2H8Zm2-12a2 2 0 0 1 2 2v2h-1.5V2a.5.5 0 0 0-.5-.5H8V0h2Z\" \/>\n\t\t\t<\/svg>\n\t\t<\/button><\/figure>\n<\/div>\n\n\n<p>Caterina Maioli has a degree in Natural Sciences from the University of Milan and she has taught sciences first in Italy and then in Mexico, where she moved for a fellowship grant in Geomorphology at the UMSH University of Morelia.<\/p>\n\n\n\n<p>It was in Mexico that she discovered the magical world of natural dyeing and learned the use of local dyeing plants with architect and master dyer Carlos Olvera.<\/p>\n\n\n\n<p>After returning to Italy, she met Roberta Arcelloni with whom she created the Tessere Incontri association in 2013, a small laboratory-space where, in addition to experimenting with dyeing and weaving, it also hosts spinning, macram\u00e9, felt, basket-making courses and textile art therapy meetings.<\/p>\n\n\n\n<p>Currently, she organizes the activities of the association and teaches natural dyeing and loom weaving.<\/p>\n\n\n\n<p>I am very excited to be able to collaborate with Caterina on a series of textile workshops that are useful, educational, sustainable and enriching. I am looking forward to these events as Caterina\u00b4s skills can be learnt at any age and fabric dyeing can be a very relaxing form of art therapy.<\/p>\n\n\n\n<p>Click <a href=\"https:\/\/isaevents.net\/amisa\/\"><span style=\"color: #0693e3;\" class=\"stk-highlight\">here<\/span><\/a> to learn more about these courses and Caterina\u00b4s exceptional knowledge.<\/p>\n\n\n\n<p><\/p>\n\n\n\n<p id=\"Paolo-Traverso\"><br><br><strong>Paolo Traverso<\/strong><br><em>Musicien - compositeur et artiste multim\u00e9dia<\/em><\/p>\n\n\n<div class=\"wp-block-image is-style-rounded\">\n<figure data-wp-context=\"{&quot;imageId&quot;:&quot;69fd23cbd610d&quot;}\" data-wp-interactive=\"core\/image\" data-wp-key=\"69fd23cbd610d\" class=\"aligncenter size-full wp-lightbox-container\"><img loading=\"lazy\" decoding=\"async\" width=\"1400\" height=\"1111\" data-wp-class--hide=\"state.isContentHidden\" data-wp-class--show=\"state.isContentVisible\" data-wp-init=\"callbacks.setButtonStyles\" data-wp-on--click=\"actions.showLightbox\" data-wp-on--load=\"callbacks.setButtonStyles\" data-wp-on-window--resize=\"callbacks.setButtonStyles\" src=\"https:\/\/isaevents.net\/wp-content\/uploads\/2024\/01\/Foto_TP.jpg\" alt=\"\" class=\"wp-image-562\" style=\"object-fit:cover\" srcset=\"https:\/\/isaevents.net\/wp-content\/uploads\/2024\/01\/Foto_TP.jpg 1400w, https:\/\/isaevents.net\/wp-content\/uploads\/2024\/01\/Foto_TP-300x238.jpg 300w, https:\/\/isaevents.net\/wp-content\/uploads\/2024\/01\/Foto_TP-1024x813.jpg 1024w, https:\/\/isaevents.net\/wp-content\/uploads\/2024\/01\/Foto_TP-768x609.jpg 768w, https:\/\/isaevents.net\/wp-content\/uploads\/2024\/01\/Foto_TP-15x12.jpg 15w, https:\/\/isaevents.net\/wp-content\/uploads\/2024\/01\/Foto_TP-1320x1048.jpg 1320w, https:\/\/isaevents.net\/wp-content\/uploads\/2024\/01\/Foto_TP-350x278.jpg 350w\" sizes=\"auto, (max-width: 767px) 89vw, (max-width: 1000px) 54vw, (max-width: 1071px) 543px, 580px\" \/><button\n\t\t\tclass=\"lightbox-trigger\"\n\t\t\ttype=\"button\"\n\t\t\taria-haspopup=\"dialog\"\n\t\t\taria-label=\"Agrandir\"\n\t\t\tdata-wp-init=\"callbacks.initTriggerButton\"\n\t\t\tdata-wp-on--click=\"actions.showLightbox\"\n\t\t\tdata-wp-style--right=\"state.imageButtonRight\"\n\t\t\tdata-wp-style--top=\"state.imageButtonTop\"\n\t\t>\n\t\t\t<svg xmlns=\"http:\/\/www.w3.org\/2000\/svg\" width=\"12\" height=\"12\" fill=\"none\" viewbox=\"0 0 12 12\">\n\t\t\t\t<path fill=\"#fff\" d=\"M2 0a2 2 0 0 0-2 2v2h1.5V2a.5.5 0 0 1 .5-.5h2V0H2Zm2 10.5H2a.5.5 0 0 1-.5-.5V8H0v2a2 2 0 0 0 2 2h2v-1.5ZM8 12v-1.5h2a.5.5 0 0 0 .5-.5V8H12v2a2 2 0 0 1-2 2H8Zm2-12a2 2 0 0 1 2 2v2h-1.5V2a.5.5 0 0 0-.5-.5H8V0h2Z\" \/>\n\t\t\t<\/svg>\n\t\t<\/button><\/figure>\n<\/div>\n\n\n<p>Paolo est l'un des artistes et musiciens les plus polyvalents que je connaisse. <br>Sa cr\u00e9ativit\u00e9 est palpable dans toutes les facettes de son travail : des arts visuels \u00e0 la musique en passant par l'artisanat.<br><br>Ma collaboration avec Paolo remonte \u00e0 loin. J'ai d'abord pu appr\u00e9cier son talent de musicien lors des \u00e9v\u00e9nements et des concerts sur lesquels nous avons travaill\u00e9 ensemble. R\u00e9cemment, notre collaboration s'est \u00e9tendue \u00e0 la programmation informatique et aux arts visuels, car j'ai demand\u00e9 son aide pour cr\u00e9er et construire mon site Internet ISAEvents.<br><br>Paolo joue de plusieurs instruments et en a m\u00eame invent\u00e9 et fabriqu\u00e9. Il a enregistr\u00e9 plusieurs albums et s'est produit dans des lieux prestigieux, tels que le Quirinale (r\u00e9sidence officielle du Pr\u00e9sident de la R\u00e9publique italienne).<\/p>\n\n\n\n<p>For detailed information about Paolo&#8217;s artistic path and achievements, please visit&nbsp;his &#8220;metamorphie&#8221; project on web:<\/p>\n\n\n\n<div class=\"wp-block-stackable-button-group stk-block-button-group stk-block stk-d6096ec\" data-block-id=\"d6096ec\"><div class=\"stk-row stk-inner-blocks stk-block-content stk-button-group\">\n<div class=\"wp-block-stackable-button stk-block-button has-text-align-left is-style-plain stk-block stk-79a42aa\" data-block-id=\"79a42aa\"><style>.stk-79a42aa .stk-button{background:transparent !important}.stk-79a42aa .stk-button:hover:after{background:transparent !important;opacity:1 !important}:where(.stk-hover-parent:hover,.stk-hover-parent.stk--is-hovered) .stk-79a42aa .stk-button:after{background:transparent !important;opacity:1 !important}<\/style><a class=\"stk-link stk-button stk--hover-effect-lift\" href=\"https:\/\/www.metamorphie.it\/\" target=\"_blank\" rel=\"noreferrer noopener\"><span class=\"stk-button__inner-text\">Site web metamorphie de Paolo Traverso<\/span><\/a><\/div>\n<\/div><\/div>","protected":false},"excerpt":{"rendered":"<p>Caterina Maioli &#8211; Master fabric dyer Paolo Traverso &#8211; Musician and multimedia artist Caterina MaioliMaster fabric dyer Caterina Maioli has a degree in Natural Sciences from the University of Milan and she has taught sciences first in Italy and then in Mexico, where she moved for a fellowship grant in Geomorphology at the UMSH University &hellip; <\/p>\n<p class=\"link-more\"><a href=\"https:\/\/isaevents.net\/fr\/artists-artisans\/\" class=\"more-link\">Continuer la lecture<span class=\"screen-reader-text\"> de &laquo;&nbsp;Artists &amp; Artisans&nbsp;&raquo;<\/span><\/a><\/p>","protected":false},"author":3,"featured_media":0,"parent":0,"menu_order":0,"comment_status":"closed","ping_status":"closed","template":"","meta":{"footnotes":""},"class_list":["post-561","page","type-page","status-publish","hentry"],"yoast_head":"<!-- This site is optimized with the Yoast SEO plugin v25.7 - https:\/\/yoast.com\/wordpress\/plugins\/seo\/ -->\n<title>Artists &amp; Artisans - I S A<\/title>\n<meta name=\"robots\" content=\"index, follow, max-snippet:-1, max-image-preview:large, max-video-preview:-1\" \/>\n<link rel=\"canonical\" href=\"https:\/\/isaevents.net\/fr\/artists-artisans\/\" \/>\n<meta property=\"og:locale\" content=\"fr_FR\" \/>\n<meta property=\"og:type\" content=\"article\" \/>\n<meta property=\"og:title\" content=\"Artists &amp; Artisans - I S A\" \/>\n<meta property=\"og:description\" content=\"Caterina Maioli &#8211; Master fabric dyer Paolo Traverso &#8211; Musician and multimedia artist Caterina MaioliMaster fabric dyer Caterina Maioli has a degree in Natural Sciences from the University of Milan and she has taught sciences first in Italy and then in Mexico, where she moved for a fellowship grant in Geomorphology at the UMSH University &hellip; Continuer la lecture de &laquo;&nbsp;Artists &amp; Artisans&nbsp;&raquo;\" \/>\n<meta property=\"og:url\" content=\"https:\/\/isaevents.net\/fr\/artists-artisans\/\" \/>\n<meta property=\"og:site_name\" content=\"I S A\" \/>\n<meta property=\"article:modified_time\" content=\"2024-04-06T10:22:13+00:00\" \/>\n<meta property=\"og:image\" content=\"https:\/\/isaevents.net\/wp-content\/uploads\/2024\/03\/Caterina_01.jpg\" \/>\n<meta name=\"twitter:card\" content=\"summary_large_image\" \/>\n<meta name=\"twitter:label1\" content=\"Dur\u00e9e de lecture estim\u00e9e\" \/>\n\t<meta name=\"twitter:data1\" content=\"2 minutes\" \/>\n<script type=\"application\/ld+json\" class=\"yoast-schema-graph\">{\"@context\":\"https:\/\/schema.org\",\"@graph\":[{\"@type\":\"WebPage\",\"@id\":\"https:\/\/isaevents.net\/artists-artisans\/\",\"url\":\"https:\/\/isaevents.net\/artists-artisans\/\",\"name\":\"Artists &amp; Artisans - I S A\",\"isPartOf\":{\"@id\":\"https:\/\/isaevents.net\/#website\"},\"primaryImageOfPage\":{\"@id\":\"https:\/\/isaevents.net\/artists-artisans\/#primaryimage\"},\"image\":{\"@id\":\"https:\/\/isaevents.net\/artists-artisans\/#primaryimage\"},\"thumbnailUrl\":\"https:\/\/isaevents.net\/wp-content\/uploads\/2024\/03\/Caterina_01.jpg\",\"datePublished\":\"2024-01-30T17:34:13+00:00\",\"dateModified\":\"2024-04-06T10:22:13+00:00\",\"breadcrumb\":{\"@id\":\"https:\/\/isaevents.net\/artists-artisans\/#breadcrumb\"},\"inLanguage\":\"fr-FR\",\"potentialAction\":[{\"@type\":\"ReadAction\",\"target\":[\"https:\/\/isaevents.net\/artists-artisans\/\"]}]},{\"@type\":\"ImageObject\",\"inLanguage\":\"fr-FR\",\"@id\":\"https:\/\/isaevents.net\/artists-artisans\/#primaryimage\",\"url\":\"https:\/\/isaevents.net\/wp-content\/uploads\/2024\/03\/Caterina_01.jpg\",\"contentUrl\":\"https:\/\/isaevents.net\/wp-content\/uploads\/2024\/03\/Caterina_01.jpg\"},{\"@type\":\"BreadcrumbList\",\"@id\":\"https:\/\/isaevents.net\/artists-artisans\/#breadcrumb\",\"itemListElement\":[{\"@type\":\"ListItem\",\"position\":1,\"name\":\"Home\",\"item\":\"https:\/\/isaevents.net\/\"},{\"@type\":\"ListItem\",\"position\":2,\"name\":\"Artists &amp; Artisans\"}]},{\"@type\":\"WebSite\",\"@id\":\"https:\/\/isaevents.net\/#website\",\"url\":\"https:\/\/isaevents.net\/\",\"name\":\"I S AEvents\",\"description\":\"ISA Infinite Sensorial Adventures\",\"publisher\":{\"@id\":\"https:\/\/isaevents.net\/#\/schema\/person\/9482146435205e927d4cd14e1e4c5524\"},\"potentialAction\":[{\"@type\":\"SearchAction\",\"target\":{\"@type\":\"EntryPoint\",\"urlTemplate\":\"https:\/\/isaevents.net\/?s={search_term_string}\"},\"query-input\":{\"@type\":\"PropertyValueSpecification\",\"valueRequired\":true,\"valueName\":\"search_term_string\"}}],\"inLanguage\":\"fr-FR\"},{\"@type\":[\"Person\",\"Organization\"],\"@id\":\"https:\/\/isaevents.net\/#\/schema\/person\/9482146435205e927d4cd14e1e4c5524\",\"name\":\"Isabella Tuvo\",\"image\":{\"@type\":\"ImageObject\",\"inLanguage\":\"fr-FR\",\"@id\":\"https:\/\/isaevents.net\/#\/schema\/person\/image\/\",\"url\":\"https:\/\/isaevents.net\/wp-content\/uploads\/2024\/07\/ISA_Mail_HEADER.jpg\",\"contentUrl\":\"https:\/\/isaevents.net\/wp-content\/uploads\/2024\/07\/ISA_Mail_HEADER.jpg\",\"width\":1400,\"height\":446,\"caption\":\"Isabella Tuvo\"},\"logo\":{\"@id\":\"https:\/\/isaevents.net\/#\/schema\/person\/image\/\"},\"sameAs\":[\"https:\/\/isaevents.net\",\"https:\/\/www.instagram.com\/journeys_offthebeatenpath?igsh=MWZ0YXlzeDRtczhqYw&utm_source=qr\",\"https:\/\/www.linkedin.com\/in\/isabella-tuvo-81a39683?utm_source=share&utm_campaign=share_via&utm_content=profile&utm_medium=ios_app\"]}]}<\/script>\n<!-- \/ Yoast SEO plugin. -->","yoast_head_json":{"title":"Artists &amp; Artisans - I S A","robots":{"index":"index","follow":"follow","max-snippet":"max-snippet:-1","max-image-preview":"max-image-preview:large","max-video-preview":"max-video-preview:-1"},"canonical":"https:\/\/isaevents.net\/fr\/artists-artisans\/","og_locale":"fr_FR","og_type":"article","og_title":"Artists &amp; Artisans - I S A","og_description":"Caterina Maioli &#8211; Master fabric dyer Paolo Traverso &#8211; Musician and multimedia artist Caterina MaioliMaster fabric dyer Caterina Maioli has a degree in Natural Sciences from the University of Milan and she has taught sciences first in Italy and then in Mexico, where she moved for a fellowship grant in Geomorphology at the UMSH University &hellip; Continuer la lecture de &laquo;&nbsp;Artists &amp; Artisans&nbsp;&raquo;","og_url":"https:\/\/isaevents.net\/fr\/artists-artisans\/","og_site_name":"I S A","article_modified_time":"2024-04-06T10:22:13+00:00","og_image":[{"url":"https:\/\/isaevents.net\/wp-content\/uploads\/2024\/03\/Caterina_01.jpg","type":"","width":"","height":""}],"twitter_card":"summary_large_image","twitter_misc":{"Dur\u00e9e de lecture estim\u00e9e":"2 minutes"},"schema":{"@context":"https:\/\/schema.org","@graph":[{"@type":"WebPage","@id":"https:\/\/isaevents.net\/artists-artisans\/","url":"https:\/\/isaevents.net\/artists-artisans\/","name":"Artists &amp; Artisans - I S A","isPartOf":{"@id":"https:\/\/isaevents.net\/#website"},"primaryImageOfPage":{"@id":"https:\/\/isaevents.net\/artists-artisans\/#primaryimage"},"image":{"@id":"https:\/\/isaevents.net\/artists-artisans\/#primaryimage"},"thumbnailUrl":"https:\/\/isaevents.net\/wp-content\/uploads\/2024\/03\/Caterina_01.jpg","datePublished":"2024-01-30T17:34:13+00:00","dateModified":"2024-04-06T10:22:13+00:00","breadcrumb":{"@id":"https:\/\/isaevents.net\/artists-artisans\/#breadcrumb"},"inLanguage":"fr-FR","potentialAction":[{"@type":"ReadAction","target":["https:\/\/isaevents.net\/artists-artisans\/"]}]},{"@type":"ImageObject","inLanguage":"fr-FR","@id":"https:\/\/isaevents.net\/artists-artisans\/#primaryimage","url":"https:\/\/isaevents.net\/wp-content\/uploads\/2024\/03\/Caterina_01.jpg","contentUrl":"https:\/\/isaevents.net\/wp-content\/uploads\/2024\/03\/Caterina_01.jpg"},{"@type":"BreadcrumbList","@id":"https:\/\/isaevents.net\/artists-artisans\/#breadcrumb","itemListElement":[{"@type":"ListItem","position":1,"name":"Home","item":"https:\/\/isaevents.net\/"},{"@type":"ListItem","position":2,"name":"Artists &amp; Artisans"}]},{"@type":"WebSite","@id":"https:\/\/isaevents.net\/#website","url":"https:\/\/isaevents.net\/","name":"I S AEvents","description":"ISA Infinite Sensorial Adventures","publisher":{"@id":"https:\/\/isaevents.net\/#\/schema\/person\/9482146435205e927d4cd14e1e4c5524"},"potentialAction":[{"@type":"SearchAction","target":{"@type":"EntryPoint","urlTemplate":"https:\/\/isaevents.net\/?s={search_term_string}"},"query-input":{"@type":"PropertyValueSpecification","valueRequired":true,"valueName":"search_term_string"}}],"inLanguage":"fr-FR"},{"@type":["Person","Organization"],"@id":"https:\/\/isaevents.net\/#\/schema\/person\/9482146435205e927d4cd14e1e4c5524","name":"Isabella Tuvo","image":{"@type":"ImageObject","inLanguage":"fr-FR","@id":"https:\/\/isaevents.net\/#\/schema\/person\/image\/","url":"https:\/\/isaevents.net\/wp-content\/uploads\/2024\/07\/ISA_Mail_HEADER.jpg","contentUrl":"https:\/\/isaevents.net\/wp-content\/uploads\/2024\/07\/ISA_Mail_HEADER.jpg","width":1400,"height":446,"caption":"Isabella Tuvo"},"logo":{"@id":"https:\/\/isaevents.net\/#\/schema\/person\/image\/"},"sameAs":["https:\/\/isaevents.net","https:\/\/www.instagram.com\/journeys_offthebeatenpath?igsh=MWZ0YXlzeDRtczhqYw&utm_source=qr","https:\/\/www.linkedin.com\/in\/isabella-tuvo-81a39683?utm_source=share&utm_campaign=share_via&utm_content=profile&utm_medium=ios_app"]}]}},"jetpack_likes_enabled":false,"jetpack_sharing_enabled":true,"_links":{"self":[{"href":"https:\/\/isaevents.net\/fr\/wp-json\/wp\/v2\/pages\/561","targetHints":{"allow":["GET"]}}],"collection":[{"href":"https:\/\/isaevents.net\/fr\/wp-json\/wp\/v2\/pages"}],"about":[{"href":"https:\/\/isaevents.net\/fr\/wp-json\/wp\/v2\/types\/page"}],"author":[{"embeddable":true,"href":"https:\/\/isaevents.net\/fr\/wp-json\/wp\/v2\/users\/3"}],"replies":[{"embeddable":true,"href":"https:\/\/isaevents.net\/fr\/wp-json\/wp\/v2\/comments?post=561"}],"version-history":[{"count":25,"href":"https:\/\/isaevents.net\/fr\/wp-json\/wp\/v2\/pages\/561\/revisions"}],"predecessor-version":[{"id":870,"href":"https:\/\/isaevents.net\/fr\/wp-json\/wp\/v2\/pages\/561\/revisions\/870"}],"wp:attachment":[{"href":"https:\/\/isaevents.net\/fr\/wp-json\/wp\/v2\/media?parent=561"}],"curies":[{"name":"wp","href":"https:\/\/api.w.org\/{rel}","templated":true}]}}