{"id":1059,"date":"2024-10-18T17:06:19","date_gmt":"2024-10-18T17:06:19","guid":{"rendered":"https:\/\/isaevents.net\/?post_type=product&#038;p=1059"},"modified":"2025-02-07T11:45:40","modified_gmt":"2025-02-07T11:45:40","slug":"trekking-on-the-lycian-way-may-2025","status":"publish","type":"product","link":"https:\/\/isaevents.net\/fr\/produit\/trekking-on-the-lycian-way-may-2025\/","title":{"rendered":"Trekking on the Lycian Way &#8211; May, 2025"},"content":{"rendered":"<p><strong>Come join us for a wonderful 11-day trekking itinerary along the mythical Lycian Way on Turkey&#8217;s Mediterranean Coast!<\/strong><\/p>\n<p style=\"text-align: center;\"><em>ONLY 2 PLACES LEFT!!!<\/em><\/p>\n<p><strong>PROGRAMME<\/strong><\/p>\n<p>14\/5 Flight to Dalaman and bus transfer to Fethiye, overnight in Fethiye<\/p>\n<p>15\/5 Trek from Fethiye to the beatiful Ol\u00fcdeniz bay passing through the abandoned stone village of Kayak\u00f6y, overnight in Ovacik (a short bus ride from Ol\u00fcdeniz)<\/p>\n<p>16\/5 Trek from Ovacik to Faralya and overnight stay by an old watermill overlooking the wonderful butterfly valley<\/p>\n<p>17\/5 Trek from Faralya to Kabak and overnight at Kabak beach<\/p>\n<p>18\/5 Trek from Kabak to Alinca and overnight at Turkdomes Glamping<\/p>\n<p>19\/5 Trekking from Turkdomes Glamping to the archaeological sites of Sidyma and Letoon, overnight in Letoon<\/p>\n<p>20\/5 Trek from Letoon to the archaeological site of Xanthos, then bus transfer to Gelemi\u015f and overnight in Gelemi\u015f<\/p>\n<p>21\/5\u00a0Visit of Patara ruins, then trek from Gelemi\u015f to Kalkan and bus transfer to Ka\u015f, overnight in Ka\u015f<\/p>\n<p>22\/5 Trek from Ka\u015f to Bogazcik \/ Aperlai, snorkeling and overnight in Aperlai<\/p>\n<p>23\/5 Trek from Aperlai to Ucagiz, snorkeling on Simena sunken city ruins and overnight in Ucagiz<\/p>\n<p>24\/5 Trek from Ucagiz to Demre, visit Santa Claus Cathedral and ancient Lycian necropolis, overnight in Demre<\/p>\n<p>25\/5 Bus transfer to Dalaman and flight back home<\/p>\n<p>COSTS:<\/p>\n<p>1350 Euros per person for 6 to 8 people<\/p>\n<p>1450 Euros per person for up to 6 people<\/p>\n<p>Price includes low-cost round trip airfare to Dalaman, overnight stays in boutique hotels, guest houses or glampings (minimum 3-star standard), breakfast, bus transfers and tour guide assistance with knowledge of local venues. Not included are lunches, dinners, any entrance fees to sites to be visited and rental of snorkeling equipment.<\/p>\n<p>To register and for further information, contacts us at <a href=\"mailto:info@isaevents.net\">info@isaevents.net<\/a><\/p>\n<p>&nbsp;<\/p>\n<p>&nbsp;<\/p>","protected":false},"excerpt":{"rendered":"<p>Come join us for a wonderful 11-day trekking itinerary along the mythical Lycian Way on Turkey&#8217;s Mediterranean Coast! ONLY 2 PLACES LEFT!!! PROGRAMME 14\/5 Flight to Dalaman and bus transfer to Fethiye, overnight in Fethiye 15\/5 Trek from Fethiye to the beatiful Ol\u00fcdeniz bay passing through the abandoned stone village of Kayak\u00f6y, overnight in Ovacik &hellip; <\/p>\n<p class=\"link-more\"><a href=\"https:\/\/isaevents.net\/fr\/produit\/trekking-on-the-lycian-way-may-2025\/\" class=\"more-link\">Continuer la lecture<span class=\"screen-reader-text\"> de &laquo;&nbsp;Trekking on the Lycian Way &#8211; May, 2025&nbsp;&raquo;<\/span><\/a><\/p>","protected":false},"featured_media":1050,"comment_status":"open","ping_status":"closed","template":"","meta":{"jetpack_publicize_message":"","jetpack_publicize_feature_enabled":true,"jetpack_social_post_already_shared":true,"jetpack_social_options":{"image_generator_settings":{"template":"highway","default_image_id":0,"font":"","enabled":false},"version":2}},"product_brand":[],"product_cat":[63],"product_tag":[],"class_list":{"0":"post-1059","1":"product","2":"type-product","3":"status-publish","4":"has-post-thumbnail","6":"product_cat-trekking","8":"first","9":"instock","10":"shipping-taxable","11":"purchasable","12":"product-type-simple"},"yoast_head":"<!-- This site is optimized with the Yoast SEO plugin v25.7 - https:\/\/yoast.com\/wordpress\/plugins\/seo\/ -->\n<title>Trekking on the Lycian Way - May, 2025 - I S A<\/title>\n<meta name=\"robots\" content=\"index, follow, max-snippet:-1, max-image-preview:large, max-video-preview:-1\" \/>\n<link rel=\"canonical\" href=\"https:\/\/isaevents.net\/fr\/produit\/trekking-on-the-lycian-way-may-2025\/\" \/>\n<meta property=\"og:locale\" content=\"fr_FR\" \/>\n<meta property=\"og:type\" content=\"article\" \/>\n<meta property=\"og:title\" content=\"Trekking on the Lycian Way - May, 2025 - I S A\" \/>\n<meta property=\"og:description\" content=\"Come join us for a wonderful 11-day trekking itinerary along the mythical Lycian Way on Turkey&#8217;s Mediterranean Coast! ONLY 2 PLACES LEFT!!! PROGRAMME 14\/5 Flight to Dalaman and bus transfer to Fethiye, overnight in Fethiye 15\/5 Trek from Fethiye to the beatiful Ol\u00fcdeniz bay passing through the abandoned stone village of Kayak\u00f6y, overnight in Ovacik &hellip; Continuer la lecture de &laquo;&nbsp;Trekking on the Lycian Way &#8211; May, 2025&nbsp;&raquo;\" \/>\n<meta property=\"og:url\" content=\"https:\/\/isaevents.net\/fr\/produit\/trekking-on-the-lycian-way-may-2025\/\" \/>\n<meta property=\"og:site_name\" content=\"I S A\" \/>\n<meta property=\"article:modified_time\" content=\"2025-02-07T11:45:40+00:00\" \/>\n<meta property=\"og:image\" content=\"https:\/\/isaevents.net\/wp-content\/uploads\/2024\/10\/anastasiia-moskalenko-Zy7TocHvQnE-unsplash-scaled.jpg\" \/>\n\t<meta property=\"og:image:width\" content=\"2560\" \/>\n\t<meta property=\"og:image:height\" content=\"1920\" \/>\n\t<meta property=\"og:image:type\" content=\"image\/jpeg\" \/>\n<meta name=\"twitter:card\" content=\"summary_large_image\" \/>\n<meta name=\"twitter:label1\" content=\"Dur\u00e9e de lecture estim\u00e9e\" \/>\n\t<meta name=\"twitter:data1\" content=\"2 minutes\" \/>\n<script type=\"application\/ld+json\" class=\"yoast-schema-graph\">{\"@context\":\"https:\/\/schema.org\",\"@graph\":[{\"@type\":\"WebPage\",\"@id\":\"https:\/\/isaevents.net\/product\/trekking-on-the-lycian-way-may-2025\/\",\"url\":\"https:\/\/isaevents.net\/product\/trekking-on-the-lycian-way-may-2025\/\",\"name\":\"Trekking on the Lycian Way - May, 2025 - I S A\",\"isPartOf\":{\"@id\":\"https:\/\/isaevents.net\/#website\"},\"primaryImageOfPage\":{\"@id\":\"https:\/\/isaevents.net\/product\/trekking-on-the-lycian-way-may-2025\/#primaryimage\"},\"image\":{\"@id\":\"https:\/\/isaevents.net\/product\/trekking-on-the-lycian-way-may-2025\/#primaryimage\"},\"thumbnailUrl\":\"https:\/\/isaevents.net\/wp-content\/uploads\/2024\/10\/anastasiia-moskalenko-Zy7TocHvQnE-unsplash-scaled.jpg\",\"datePublished\":\"2024-10-18T17:06:19+00:00\",\"dateModified\":\"2025-02-07T11:45:40+00:00\",\"breadcrumb\":{\"@id\":\"https:\/\/isaevents.net\/product\/trekking-on-the-lycian-way-may-2025\/#breadcrumb\"},\"inLanguage\":\"fr-FR\",\"potentialAction\":[{\"@type\":\"ReadAction\",\"target\":[\"https:\/\/isaevents.net\/product\/trekking-on-the-lycian-way-may-2025\/\"]}]},{\"@type\":\"ImageObject\",\"inLanguage\":\"fr-FR\",\"@id\":\"https:\/\/isaevents.net\/product\/trekking-on-the-lycian-way-may-2025\/#primaryimage\",\"url\":\"https:\/\/isaevents.net\/wp-content\/uploads\/2024\/10\/anastasiia-moskalenko-Zy7TocHvQnE-unsplash-scaled.jpg\",\"contentUrl\":\"https:\/\/isaevents.net\/wp-content\/uploads\/2024\/10\/anastasiia-moskalenko-Zy7TocHvQnE-unsplash-scaled.jpg\",\"width\":2560,\"height\":1920,\"caption\":\"Trekking on the Lycian Coast, Turkey\"},{\"@type\":\"BreadcrumbList\",\"@id\":\"https:\/\/isaevents.net\/product\/trekking-on-the-lycian-way-may-2025\/#breadcrumb\",\"itemListElement\":[{\"@type\":\"ListItem\",\"position\":1,\"name\":\"Home\",\"item\":\"https:\/\/isaevents.net\/\"},{\"@type\":\"ListItem\",\"position\":2,\"name\":\"\u0100mi\u015fa Store\",\"item\":\"https:\/\/isaevents.net\/amisa\/\"},{\"@type\":\"ListItem\",\"position\":3,\"name\":\"Trekking on the Lycian Way &#8211; May, 2025\"}]},{\"@type\":\"WebSite\",\"@id\":\"https:\/\/isaevents.net\/#website\",\"url\":\"https:\/\/isaevents.net\/\",\"name\":\"I S AEvents\",\"description\":\"ISA Infinite Sensorial Adventures\",\"publisher\":{\"@id\":\"https:\/\/isaevents.net\/#\/schema\/person\/9482146435205e927d4cd14e1e4c5524\"},\"potentialAction\":[{\"@type\":\"SearchAction\",\"target\":{\"@type\":\"EntryPoint\",\"urlTemplate\":\"https:\/\/isaevents.net\/?s={search_term_string}\"},\"query-input\":{\"@type\":\"PropertyValueSpecification\",\"valueRequired\":true,\"valueName\":\"search_term_string\"}}],\"inLanguage\":\"fr-FR\"},{\"@type\":[\"Person\",\"Organization\"],\"@id\":\"https:\/\/isaevents.net\/#\/schema\/person\/9482146435205e927d4cd14e1e4c5524\",\"name\":\"Isabella Tuvo\",\"image\":{\"@type\":\"ImageObject\",\"inLanguage\":\"fr-FR\",\"@id\":\"https:\/\/isaevents.net\/#\/schema\/person\/image\/\",\"url\":\"https:\/\/isaevents.net\/wp-content\/uploads\/2024\/07\/ISA_Mail_HEADER.jpg\",\"contentUrl\":\"https:\/\/isaevents.net\/wp-content\/uploads\/2024\/07\/ISA_Mail_HEADER.jpg\",\"width\":1400,\"height\":446,\"caption\":\"Isabella Tuvo\"},\"logo\":{\"@id\":\"https:\/\/isaevents.net\/#\/schema\/person\/image\/\"},\"sameAs\":[\"https:\/\/isaevents.net\",\"https:\/\/www.instagram.com\/journeys_offthebeatenpath?igsh=MWZ0YXlzeDRtczhqYw&utm_source=qr\",\"https:\/\/www.linkedin.com\/in\/isabella-tuvo-81a39683?utm_source=share&utm_campaign=share_via&utm_content=profile&utm_medium=ios_app\"]}]}<\/script>\n<!-- \/ Yoast SEO plugin. -->","yoast_head_json":{"title":"Trekking on the Lycian Way - May, 2025 - I S A","robots":{"index":"index","follow":"follow","max-snippet":"max-snippet:-1","max-image-preview":"max-image-preview:large","max-video-preview":"max-video-preview:-1"},"canonical":"https:\/\/isaevents.net\/fr\/produit\/trekking-on-the-lycian-way-may-2025\/","og_locale":"fr_FR","og_type":"article","og_title":"Trekking on the Lycian Way - May, 2025 - I S A","og_description":"Come join us for a wonderful 11-day trekking itinerary along the mythical Lycian Way on Turkey&#8217;s Mediterranean Coast! ONLY 2 PLACES LEFT!!! PROGRAMME 14\/5 Flight to Dalaman and bus transfer to Fethiye, overnight in Fethiye 15\/5 Trek from Fethiye to the beatiful Ol\u00fcdeniz bay passing through the abandoned stone village of Kayak\u00f6y, overnight in Ovacik &hellip; Continuer la lecture de &laquo;&nbsp;Trekking on the Lycian Way &#8211; May, 2025&nbsp;&raquo;","og_url":"https:\/\/isaevents.net\/fr\/produit\/trekking-on-the-lycian-way-may-2025\/","og_site_name":"I S A","article_modified_time":"2025-02-07T11:45:40+00:00","og_image":[{"width":2560,"height":1920,"url":"https:\/\/isaevents.net\/wp-content\/uploads\/2024\/10\/anastasiia-moskalenko-Zy7TocHvQnE-unsplash-scaled.jpg","type":"image\/jpeg"}],"twitter_card":"summary_large_image","twitter_misc":{"Dur\u00e9e de lecture estim\u00e9e":"2 minutes"},"schema":{"@context":"https:\/\/schema.org","@graph":[{"@type":"WebPage","@id":"https:\/\/isaevents.net\/product\/trekking-on-the-lycian-way-may-2025\/","url":"https:\/\/isaevents.net\/product\/trekking-on-the-lycian-way-may-2025\/","name":"Trekking on the Lycian Way - May, 2025 - I S A","isPartOf":{"@id":"https:\/\/isaevents.net\/#website"},"primaryImageOfPage":{"@id":"https:\/\/isaevents.net\/product\/trekking-on-the-lycian-way-may-2025\/#primaryimage"},"image":{"@id":"https:\/\/isaevents.net\/product\/trekking-on-the-lycian-way-may-2025\/#primaryimage"},"thumbnailUrl":"https:\/\/isaevents.net\/wp-content\/uploads\/2024\/10\/anastasiia-moskalenko-Zy7TocHvQnE-unsplash-scaled.jpg","datePublished":"2024-10-18T17:06:19+00:00","dateModified":"2025-02-07T11:45:40+00:00","breadcrumb":{"@id":"https:\/\/isaevents.net\/product\/trekking-on-the-lycian-way-may-2025\/#breadcrumb"},"inLanguage":"fr-FR","potentialAction":[{"@type":"ReadAction","target":["https:\/\/isaevents.net\/product\/trekking-on-the-lycian-way-may-2025\/"]}]},{"@type":"ImageObject","inLanguage":"fr-FR","@id":"https:\/\/isaevents.net\/product\/trekking-on-the-lycian-way-may-2025\/#primaryimage","url":"https:\/\/isaevents.net\/wp-content\/uploads\/2024\/10\/anastasiia-moskalenko-Zy7TocHvQnE-unsplash-scaled.jpg","contentUrl":"https:\/\/isaevents.net\/wp-content\/uploads\/2024\/10\/anastasiia-moskalenko-Zy7TocHvQnE-unsplash-scaled.jpg","width":2560,"height":1920,"caption":"Trekking on the Lycian Coast, Turkey"},{"@type":"BreadcrumbList","@id":"https:\/\/isaevents.net\/product\/trekking-on-the-lycian-way-may-2025\/#breadcrumb","itemListElement":[{"@type":"ListItem","position":1,"name":"Home","item":"https:\/\/isaevents.net\/"},{"@type":"ListItem","position":2,"name":"\u0100mi\u015fa Store","item":"https:\/\/isaevents.net\/amisa\/"},{"@type":"ListItem","position":3,"name":"Trekking on the Lycian Way &#8211; May, 2025"}]},{"@type":"WebSite","@id":"https:\/\/isaevents.net\/#website","url":"https:\/\/isaevents.net\/","name":"I S AEvents","description":"ISA Infinite Sensorial Adventures","publisher":{"@id":"https:\/\/isaevents.net\/#\/schema\/person\/9482146435205e927d4cd14e1e4c5524"},"potentialAction":[{"@type":"SearchAction","target":{"@type":"EntryPoint","urlTemplate":"https:\/\/isaevents.net\/?s={search_term_string}"},"query-input":{"@type":"PropertyValueSpecification","valueRequired":true,"valueName":"search_term_string"}}],"inLanguage":"fr-FR"},{"@type":["Person","Organization"],"@id":"https:\/\/isaevents.net\/#\/schema\/person\/9482146435205e927d4cd14e1e4c5524","name":"Isabella Tuvo","image":{"@type":"ImageObject","inLanguage":"fr-FR","@id":"https:\/\/isaevents.net\/#\/schema\/person\/image\/","url":"https:\/\/isaevents.net\/wp-content\/uploads\/2024\/07\/ISA_Mail_HEADER.jpg","contentUrl":"https:\/\/isaevents.net\/wp-content\/uploads\/2024\/07\/ISA_Mail_HEADER.jpg","width":1400,"height":446,"caption":"Isabella Tuvo"},"logo":{"@id":"https:\/\/isaevents.net\/#\/schema\/person\/image\/"},"sameAs":["https:\/\/isaevents.net","https:\/\/www.instagram.com\/journeys_offthebeatenpath?igsh=MWZ0YXlzeDRtczhqYw&utm_source=qr","https:\/\/www.linkedin.com\/in\/isabella-tuvo-81a39683?utm_source=share&utm_campaign=share_via&utm_content=profile&utm_medium=ios_app"]}]}},"jetpack_publicize_connections":[],"jetpack_likes_enabled":false,"jetpack_sharing_enabled":true,"_links":{"self":[{"href":"https:\/\/isaevents.net\/fr\/wp-json\/wp\/v2\/product\/1059","targetHints":{"allow":["GET"]}}],"collection":[{"href":"https:\/\/isaevents.net\/fr\/wp-json\/wp\/v2\/product"}],"about":[{"href":"https:\/\/isaevents.net\/fr\/wp-json\/wp\/v2\/types\/product"}],"replies":[{"embeddable":true,"href":"https:\/\/isaevents.net\/fr\/wp-json\/wp\/v2\/comments?post=1059"}],"wp:featuredmedia":[{"embeddable":true,"href":"https:\/\/isaevents.net\/fr\/wp-json\/wp\/v2\/media\/1050"}],"wp:attachment":[{"href":"https:\/\/isaevents.net\/fr\/wp-json\/wp\/v2\/media?parent=1059"}],"wp:term":[{"taxonomy":"product_brand","embeddable":true,"href":"https:\/\/isaevents.net\/fr\/wp-json\/wp\/v2\/product_brand?post=1059"},{"taxonomy":"product_cat","embeddable":true,"href":"https:\/\/isaevents.net\/fr\/wp-json\/wp\/v2\/product_cat?post=1059"},{"taxonomy":"product_tag","embeddable":true,"href":"https:\/\/isaevents.net\/fr\/wp-json\/wp\/v2\/product_tag?post=1059"}],"curies":[{"name":"wp","href":"https:\/\/api.w.org\/{rel}","templated":true}]}}