{"id":112,"date":"2023-12-08T17:14:02","date_gmt":"2023-12-08T17:14:02","guid":{"rendered":"https:\/\/isaevents.net\/?page_id=112"},"modified":"2024-04-04T16:56:38","modified_gmt":"2024-04-04T16:56:38","slug":"home","status":"publish","type":"page","link":"https:\/\/isaevents.net\/it\/","title":{"rendered":"Avventure Sensoriali Infinite"},"content":{"rendered":"<p><strong>La nostra filosofia<\/strong><\/p>\n\n\n\n<p>Le nostre Avventure Sensoriali Infinite traggono ispirazione dall'antico concetto greco di <strong>eudaimonia<\/strong>, che significa una vita vissuta appieno, o la pi\u00f9 alta forma di felicit\u00e0. <br>Questo concetto \u00e8 presente in tutti i nostri eventi multisensoriali, concepiti con l'obiettivo di farvi raggiungere uno stato di benessere, felicit\u00e0 e appagamento, aiutandovi cos\u00ec ad affrontare stress e sfide quotidiane.<br><br>Dalle cene gastronomiche per piccoli gruppi, ai tour culturali e gastronomici su misura per scoprire e assaggiare le prelibatezze delle diverse regioni italiane, fino alle cene-spettacolo musicali con artisti di fama internazionale e master chef, i nostri eventi sono realizzati con cura per offrire ricordi indelebili e indimenticabili esperienze multisensoriali.<br><br>Siete interessati a saperne di pi\u00f9? Contattateci per provare la vostra esperienza multisensoriale su misura!<\/p>\n\n\n\n<div class=\"wp-block-stackable-button-group stk-block-button-group stk-block stk-7c1084a\" data-block-id=\"7c1084a\"><div class=\"stk-row stk-inner-blocks stk-block-content stk-button-group\">\n<div class=\"wp-block-stackable-button stk-block-button has-text-align-left is-style-plain stk-block stk-305f93e\" data-block-id=\"305f93e\"><style>.stk-305f93e{align-items:center !important;padding-top:0px !important;padding-right:0px !important;padding-bottom:0px !important;padding-left:0px !important;display:flex !important}.stk-305f93e .stk-button{background:transparent !important}.stk-305f93e .stk-button:hover:after{background:transparent !important;opacity:1 !important}:where(.stk-hover-parent:hover,.stk-hover-parent.stk--is-hovered) .stk-305f93e .stk-button:after{background:transparent !important;opacity:1 !important}<\/style><a class=\"stk-link stk-button stk--hover-effect-lift\" href=\"https:\/\/isaevents.net\/contact\/\"><span class=\"stk-button__inner-text\">Contattateci<\/span><\/a><\/div>\n<\/div><\/div>","protected":false},"excerpt":{"rendered":"<p>Our philosophy Our Infinite Sensorial Adventures draw inspiration from the ancient Greek idea of eudaimonia, which means a life well lived, or the highest form of happiness. This concept is infused in all our multisensorial events, which are conceived with the aim of making you achieve a state of well-being, happiness, and fulfilment, thus helping &hellip; <\/p>\n<p class=\"link-more\"><a href=\"https:\/\/isaevents.net\/it\/\" class=\"more-link\">Leggi tutto<span class=\"screen-reader-text\"> &#8220;Infinite Sensorial Adventures&#8221;<\/span><\/a><\/p>","protected":false},"author":3,"featured_media":0,"parent":0,"menu_order":0,"comment_status":"closed","ping_status":"closed","template":"","meta":{"footnotes":""},"class_list":["post-112","page","type-page","status-publish","hentry"],"yoast_head":"<!-- This site is optimized with the Yoast SEO plugin v25.7 - https:\/\/yoast.com\/wordpress\/plugins\/seo\/ -->\n<title>Infinite Sensorial Adventures - I S A<\/title>\n<meta name=\"robots\" content=\"index, follow, max-snippet:-1, max-image-preview:large, max-video-preview:-1\" \/>\n<link rel=\"canonical\" href=\"https:\/\/isaevents.net\/it\/\" \/>\n<meta property=\"og:locale\" content=\"it_IT\" \/>\n<meta property=\"og:type\" content=\"article\" \/>\n<meta property=\"og:title\" content=\"Infinite Sensorial Adventures - I S A\" \/>\n<meta property=\"og:description\" content=\"Our philosophy Our Infinite Sensorial Adventures draw inspiration from the ancient Greek idea of eudaimonia, which means a life well lived, or the highest form of happiness. This concept is infused in all our multisensorial events, which are conceived with the aim of making you achieve a state of well-being, happiness, and fulfilment, thus helping &hellip; Leggi tutto &quot;Infinite Sensorial Adventures&quot;\" \/>\n<meta property=\"og:url\" content=\"https:\/\/isaevents.net\/it\/\" \/>\n<meta property=\"og:site_name\" content=\"I S A\" \/>\n<meta property=\"article:modified_time\" content=\"2024-04-04T16:56:38+00:00\" \/>\n<meta name=\"twitter:card\" content=\"summary_large_image\" \/>\n<meta name=\"twitter:label1\" content=\"Tempo di lettura stimato\" \/>\n\t<meta name=\"twitter:data1\" content=\"1 minuto\" \/>\n<script type=\"application\/ld+json\" class=\"yoast-schema-graph\">{\"@context\":\"https:\/\/schema.org\",\"@graph\":[{\"@type\":\"WebPage\",\"@id\":\"https:\/\/isaevents.net\/\",\"url\":\"https:\/\/isaevents.net\/\",\"name\":\"Infinite Sensorial Adventures - I S A\",\"isPartOf\":{\"@id\":\"https:\/\/isaevents.net\/#website\"},\"datePublished\":\"2023-12-08T17:14:02+00:00\",\"dateModified\":\"2024-04-04T16:56:38+00:00\",\"breadcrumb\":{\"@id\":\"https:\/\/isaevents.net\/#breadcrumb\"},\"inLanguage\":\"it-IT\",\"potentialAction\":[{\"@type\":\"ReadAction\",\"target\":[\"https:\/\/isaevents.net\/\"]}]},{\"@type\":\"BreadcrumbList\",\"@id\":\"https:\/\/isaevents.net\/#breadcrumb\",\"itemListElement\":[{\"@type\":\"ListItem\",\"position\":1,\"name\":\"Home\",\"item\":\"https:\/\/isaevents.net\/\"},{\"@type\":\"ListItem\",\"position\":2,\"name\":\"Infinite Sensorial Adventures\"}]},{\"@type\":\"WebSite\",\"@id\":\"https:\/\/isaevents.net\/#website\",\"url\":\"https:\/\/isaevents.net\/\",\"name\":\"I S AEvents\",\"description\":\"ISA Infinite Sensorial Adventures\",\"publisher\":{\"@id\":\"https:\/\/isaevents.net\/#\/schema\/person\/9482146435205e927d4cd14e1e4c5524\"},\"potentialAction\":[{\"@type\":\"SearchAction\",\"target\":{\"@type\":\"EntryPoint\",\"urlTemplate\":\"https:\/\/isaevents.net\/?s={search_term_string}\"},\"query-input\":{\"@type\":\"PropertyValueSpecification\",\"valueRequired\":true,\"valueName\":\"search_term_string\"}}],\"inLanguage\":\"it-IT\"},{\"@type\":[\"Person\",\"Organization\"],\"@id\":\"https:\/\/isaevents.net\/#\/schema\/person\/9482146435205e927d4cd14e1e4c5524\",\"name\":\"Isabella Tuvo\",\"image\":{\"@type\":\"ImageObject\",\"inLanguage\":\"it-IT\",\"@id\":\"https:\/\/isaevents.net\/#\/schema\/person\/image\/\",\"url\":\"https:\/\/isaevents.net\/wp-content\/uploads\/2024\/07\/ISA_Mail_HEADER.jpg\",\"contentUrl\":\"https:\/\/isaevents.net\/wp-content\/uploads\/2024\/07\/ISA_Mail_HEADER.jpg\",\"width\":1400,\"height\":446,\"caption\":\"Isabella Tuvo\"},\"logo\":{\"@id\":\"https:\/\/isaevents.net\/#\/schema\/person\/image\/\"},\"sameAs\":[\"https:\/\/isaevents.net\",\"https:\/\/www.instagram.com\/journeys_offthebeatenpath?igsh=MWZ0YXlzeDRtczhqYw&utm_source=qr\",\"https:\/\/www.linkedin.com\/in\/isabella-tuvo-81a39683?utm_source=share&utm_campaign=share_via&utm_content=profile&utm_medium=ios_app\"]}]}<\/script>\n<!-- \/ Yoast SEO plugin. -->","yoast_head_json":{"title":"Infinite Sensorial Adventures - I S A","robots":{"index":"index","follow":"follow","max-snippet":"max-snippet:-1","max-image-preview":"max-image-preview:large","max-video-preview":"max-video-preview:-1"},"canonical":"https:\/\/isaevents.net\/it\/","og_locale":"it_IT","og_type":"article","og_title":"Infinite Sensorial Adventures - I S A","og_description":"Our philosophy Our Infinite Sensorial Adventures draw inspiration from the ancient Greek idea of eudaimonia, which means a life well lived, or the highest form of happiness. This concept is infused in all our multisensorial events, which are conceived with the aim of making you achieve a state of well-being, happiness, and fulfilment, thus helping &hellip; Leggi tutto \"Infinite Sensorial Adventures\"","og_url":"https:\/\/isaevents.net\/it\/","og_site_name":"I S A","article_modified_time":"2024-04-04T16:56:38+00:00","twitter_card":"summary_large_image","twitter_misc":{"Tempo di lettura stimato":"1 minuto"},"schema":{"@context":"https:\/\/schema.org","@graph":[{"@type":"WebPage","@id":"https:\/\/isaevents.net\/","url":"https:\/\/isaevents.net\/","name":"Infinite Sensorial Adventures - I S A","isPartOf":{"@id":"https:\/\/isaevents.net\/#website"},"datePublished":"2023-12-08T17:14:02+00:00","dateModified":"2024-04-04T16:56:38+00:00","breadcrumb":{"@id":"https:\/\/isaevents.net\/#breadcrumb"},"inLanguage":"it-IT","potentialAction":[{"@type":"ReadAction","target":["https:\/\/isaevents.net\/"]}]},{"@type":"BreadcrumbList","@id":"https:\/\/isaevents.net\/#breadcrumb","itemListElement":[{"@type":"ListItem","position":1,"name":"Home","item":"https:\/\/isaevents.net\/"},{"@type":"ListItem","position":2,"name":"Infinite Sensorial Adventures"}]},{"@type":"WebSite","@id":"https:\/\/isaevents.net\/#website","url":"https:\/\/isaevents.net\/","name":"I S AEvents","description":"ISA Infinite Sensorial Adventures","publisher":{"@id":"https:\/\/isaevents.net\/#\/schema\/person\/9482146435205e927d4cd14e1e4c5524"},"potentialAction":[{"@type":"SearchAction","target":{"@type":"EntryPoint","urlTemplate":"https:\/\/isaevents.net\/?s={search_term_string}"},"query-input":{"@type":"PropertyValueSpecification","valueRequired":true,"valueName":"search_term_string"}}],"inLanguage":"it-IT"},{"@type":["Person","Organization"],"@id":"https:\/\/isaevents.net\/#\/schema\/person\/9482146435205e927d4cd14e1e4c5524","name":"Isabella Tuvo","image":{"@type":"ImageObject","inLanguage":"it-IT","@id":"https:\/\/isaevents.net\/#\/schema\/person\/image\/","url":"https:\/\/isaevents.net\/wp-content\/uploads\/2024\/07\/ISA_Mail_HEADER.jpg","contentUrl":"https:\/\/isaevents.net\/wp-content\/uploads\/2024\/07\/ISA_Mail_HEADER.jpg","width":1400,"height":446,"caption":"Isabella Tuvo"},"logo":{"@id":"https:\/\/isaevents.net\/#\/schema\/person\/image\/"},"sameAs":["https:\/\/isaevents.net","https:\/\/www.instagram.com\/journeys_offthebeatenpath?igsh=MWZ0YXlzeDRtczhqYw&utm_source=qr","https:\/\/www.linkedin.com\/in\/isabella-tuvo-81a39683?utm_source=share&utm_campaign=share_via&utm_content=profile&utm_medium=ios_app"]}]}},"jetpack_likes_enabled":false,"jetpack_sharing_enabled":true,"_links":{"self":[{"href":"https:\/\/isaevents.net\/it\/wp-json\/wp\/v2\/pages\/112","targetHints":{"allow":["GET"]}}],"collection":[{"href":"https:\/\/isaevents.net\/it\/wp-json\/wp\/v2\/pages"}],"about":[{"href":"https:\/\/isaevents.net\/it\/wp-json\/wp\/v2\/types\/page"}],"author":[{"embeddable":true,"href":"https:\/\/isaevents.net\/it\/wp-json\/wp\/v2\/users\/3"}],"replies":[{"embeddable":true,"href":"https:\/\/isaevents.net\/it\/wp-json\/wp\/v2\/comments?post=112"}],"version-history":[{"count":47,"href":"https:\/\/isaevents.net\/it\/wp-json\/wp\/v2\/pages\/112\/revisions"}],"predecessor-version":[{"id":804,"href":"https:\/\/isaevents.net\/it\/wp-json\/wp\/v2\/pages\/112\/revisions\/804"}],"wp:attachment":[{"href":"https:\/\/isaevents.net\/it\/wp-json\/wp\/v2\/media?parent=112"}],"curies":[{"name":"wp","href":"https:\/\/api.w.org\/{rel}","templated":true}]}}