{"id":115,"date":"2023-12-08T17:33:52","date_gmt":"2023-12-08T17:33:52","guid":{"rendered":"https:\/\/isaevents.net\/?page_id=115"},"modified":"2024-01-24T21:13:21","modified_gmt":"2024-01-24T21:13:21","slug":"about-the-founder","status":"publish","type":"page","link":"https:\/\/isaevents.net\/it\/about-the-founder\/","title":{"rendered":"LA FONDATRICE"},"content":{"rendered":"<p><br><\/p>\n\n\n<div class=\"n2_clear\"><ss3-force-full-width data-overflow-x=\"body\" data-horizontal-selector=\"body\"><div class=\"n2-section-smartslider fitvidsignore  n2_clear\" data-ssid=\"4\"><div id=\"n2-ss-4-align\" class=\"n2-ss-align\"><div class=\"n2-padding\"><div id=\"n2-ss-4\" data-creator=\"Smart Slider 3\" data-responsive=\"fullwidth\" class=\"n2-ss-slider n2-ow n2-has-hover n2notransition\"><div class=\"n2-ss-slider-wrapper-inside\">\n        <div class=\"n2-ss-slider-1 n2_ss__touch_element n2-ow\">\n            <div class=\"n2-ss-slider-2 n2-ow\">\n                                                <div class=\"n2-ss-slider-3 n2-ow\">\n\n                    <div class=\"n2-ss-slide-backgrounds n2-ow-all\"><div class=\"n2-ss-slide-background\" data-public-id=\"1\" data-mode=\"fill\"><div class=\"n2-ss-slide-background-image\" data-blur=\"0\" data-opacity=\"100\" data-x=\"50\" data-y=\"50\" data-alt=\"\" data-title=\"\"><picture class=\"skip-lazy jetpack-lazy-image\" data-skip-lazy=\"1\"><img decoding=\"async\" src=\"\/\/isaevents.net\/wp-content\/uploads\/2024\/01\/ISA_GALLERY_0001.jpg\" alt=\"\" title=\"\" loading=\"lazy\" class=\"skip-lazy jetpack-lazy-image\" data-skip-lazy=\"1\"><\/picture><\/div><div data-color=\"RGBA(255,255,255,0)\" style=\"background-color: RGBA(255,255,255,0);\" class=\"n2-ss-slide-background-color\"><\/div><\/div><div class=\"n2-ss-slide-background\" data-public-id=\"2\" data-mode=\"fill\" aria-hidden=\"true\"><div class=\"n2-ss-slide-background-image\" data-blur=\"0\" data-opacity=\"100\" data-x=\"50\" data-y=\"50\" data-alt=\"\" data-title=\"\"><picture class=\"skip-lazy jetpack-lazy-image\" data-skip-lazy=\"1\"><img decoding=\"async\" src=\"\/\/isaevents.net\/wp-content\/uploads\/2024\/01\/ISA_GALLERY_002.jpg\" alt=\"\" title=\"\" loading=\"lazy\" class=\"skip-lazy jetpack-lazy-image\" data-skip-lazy=\"1\"><\/picture><\/div><div data-color=\"RGBA(255,255,255,0)\" style=\"background-color: RGBA(255,255,255,0);\" class=\"n2-ss-slide-background-color\"><\/div><\/div><div class=\"n2-ss-slide-background\" data-public-id=\"3\" data-mode=\"fill\" aria-hidden=\"true\"><div class=\"n2-ss-slide-background-image\" data-blur=\"0\" data-opacity=\"100\" data-x=\"50\" data-y=\"50\" data-alt=\"\" data-title=\"\"><picture class=\"skip-lazy jetpack-lazy-image\" data-skip-lazy=\"1\"><img decoding=\"async\" src=\"\/\/isaevents.net\/wp-content\/uploads\/2024\/01\/ISA_GALLERY_003.jpg\" alt=\"\" title=\"\" loading=\"lazy\" class=\"skip-lazy jetpack-lazy-image\" data-skip-lazy=\"1\"><\/picture><\/div><div data-color=\"RGBA(255,255,255,0)\" style=\"background-color: RGBA(255,255,255,0);\" class=\"n2-ss-slide-background-color\"><\/div><\/div><div class=\"n2-ss-slide-background\" data-public-id=\"4\" data-mode=\"fill\" aria-hidden=\"true\"><div class=\"n2-ss-slide-background-image\" data-blur=\"0\" data-opacity=\"100\" data-x=\"50\" data-y=\"50\" data-alt=\"\" data-title=\"\"><picture class=\"skip-lazy jetpack-lazy-image\" data-skip-lazy=\"1\"><img decoding=\"async\" src=\"\/\/isaevents.net\/wp-content\/uploads\/2024\/01\/ISA_GALLERY_004.jpg\" alt=\"\" title=\"\" loading=\"lazy\" class=\"skip-lazy jetpack-lazy-image\" data-skip-lazy=\"1\"><\/picture><\/div><div data-color=\"RGBA(255,255,255,0)\" style=\"background-color: RGBA(255,255,255,0);\" class=\"n2-ss-slide-background-color\"><\/div><\/div><div class=\"n2-ss-slide-background\" data-public-id=\"5\" data-mode=\"fill\" aria-hidden=\"true\"><div class=\"n2-ss-slide-background-image\" data-blur=\"0\" data-opacity=\"100\" data-x=\"50\" data-y=\"50\" data-alt=\"\" data-title=\"\"><picture class=\"skip-lazy jetpack-lazy-image\" data-skip-lazy=\"1\"><img decoding=\"async\" src=\"\/\/isaevents.net\/wp-content\/uploads\/2024\/01\/ISA_GALLERY_005.jpg\" alt=\"\" title=\"\" loading=\"lazy\" class=\"skip-lazy jetpack-lazy-image\" data-skip-lazy=\"1\"><\/picture><\/div><div data-color=\"RGBA(255,255,255,0)\" style=\"background-color: RGBA(255,255,255,0);\" class=\"n2-ss-slide-background-color\"><\/div><\/div><div class=\"n2-ss-slide-background\" data-public-id=\"6\" data-mode=\"fill\" aria-hidden=\"true\"><div class=\"n2-ss-slide-background-image\" data-blur=\"0\" data-opacity=\"100\" data-x=\"50\" data-y=\"50\" data-alt=\"\" data-title=\"\"><picture class=\"skip-lazy jetpack-lazy-image\" data-skip-lazy=\"1\"><img decoding=\"async\" src=\"\/\/isaevents.net\/wp-content\/uploads\/2024\/01\/ISA_GALLERY_006.jpg\" alt=\"\" title=\"\" loading=\"lazy\" class=\"skip-lazy jetpack-lazy-image\" data-skip-lazy=\"1\"><\/picture><\/div><div data-color=\"RGBA(255,255,255,0)\" style=\"background-color: RGBA(255,255,255,0);\" class=\"n2-ss-slide-background-color\"><\/div><\/div><div class=\"n2-ss-slide-background\" data-public-id=\"7\" data-mode=\"fill\" aria-hidden=\"true\"><div class=\"n2-ss-slide-background-image\" data-blur=\"0\" data-opacity=\"100\" data-x=\"50\" data-y=\"50\" data-alt=\"\" data-title=\"\"><picture class=\"skip-lazy jetpack-lazy-image\" data-skip-lazy=\"1\"><img decoding=\"async\" src=\"\/\/isaevents.net\/wp-content\/uploads\/2024\/01\/ISA_GALLERY_007.jpg\" alt=\"\" title=\"\" loading=\"lazy\" class=\"skip-lazy jetpack-lazy-image\" data-skip-lazy=\"1\"><\/picture><\/div><div data-color=\"RGBA(255,255,255,0)\" style=\"background-color: RGBA(255,255,255,0);\" class=\"n2-ss-slide-background-color\"><\/div><\/div><div class=\"n2-ss-slide-background\" data-public-id=\"8\" data-mode=\"fill\" aria-hidden=\"true\"><div class=\"n2-ss-slide-background-image\" data-blur=\"0\" data-opacity=\"100\" data-x=\"50\" data-y=\"50\" data-alt=\"\" data-title=\"\"><picture class=\"skip-lazy jetpack-lazy-image\" data-skip-lazy=\"1\"><img decoding=\"async\" src=\"\/\/isaevents.net\/wp-content\/uploads\/2024\/01\/ISA_GALLERY_008.jpg\" alt=\"\" title=\"\" loading=\"lazy\" class=\"skip-lazy jetpack-lazy-image\" data-skip-lazy=\"1\"><\/picture><\/div><div data-color=\"RGBA(255,255,255,0)\" style=\"background-color: RGBA(255,255,255,0);\" class=\"n2-ss-slide-background-color\"><\/div><\/div><div class=\"n2-ss-slide-background\" data-public-id=\"9\" data-mode=\"fill\" aria-hidden=\"true\"><div class=\"n2-ss-slide-background-image\" data-blur=\"0\" data-opacity=\"100\" data-x=\"50\" data-y=\"50\" data-alt=\"\" data-title=\"\"><picture class=\"skip-lazy jetpack-lazy-image\" data-skip-lazy=\"1\"><img decoding=\"async\" src=\"\/\/isaevents.net\/wp-content\/uploads\/2024\/01\/ISA_GALLERY_009.jpg\" alt=\"\" title=\"\" loading=\"lazy\" class=\"skip-lazy jetpack-lazy-image\" data-skip-lazy=\"1\"><\/picture><\/div><div data-color=\"RGBA(255,255,255,0)\" style=\"background-color: RGBA(255,255,255,0);\" class=\"n2-ss-slide-background-color\"><\/div><\/div><\/div>                    <div class=\"n2-ss-slider-4 n2-ow\">\n                        <svg xmlns=\"http:\/\/www.w3.org\/2000\/svg\" viewbox=\"0 0 1000 700\" data-related-device=\"desktopPortrait\" class=\"n2-ow n2-ss-preserve-size n2-ss-preserve-size--slider n2-ss-slide-limiter\"><\/svg><div data-first=\"1\" data-slide-duration=\"0\" data-id=\"97\" data-slide-public-id=\"1\" data-title=\"ISA_GALLERY_0001\" class=\"n2-ss-slide n2-ow  n2-ss-slide-97\"><div role=\"note\" class=\"n2-ss-slide--focus\" tabindex=\"-1\">ISA_GALLERY_0001<\/div><div class=\"n2-ss-layers-container n2-ss-slide-limiter n2-ow\"><div class=\"n2-ss-layer n2-ow n-uc-MAt6nMSalZ1C\" data-sstype=\"slide\" data-pm=\"default\"><\/div><\/div><\/div><div data-slide-duration=\"0\" data-id=\"89\" data-slide-public-id=\"2\" aria-hidden=\"true\" data-title=\"ISA_GALLERY_002\" class=\"n2-ss-slide n2-ow  n2-ss-slide-89\"><div role=\"note\" class=\"n2-ss-slide--focus\" tabindex=\"-1\">ISA_GALLERY_002<\/div><div class=\"n2-ss-layers-container n2-ss-slide-limiter n2-ow\"><div class=\"n2-ss-layer n2-ow n-uc-XqMfgoQhD0Ir\" data-sstype=\"slide\" data-pm=\"default\"><\/div><\/div><\/div><div data-slide-duration=\"0\" data-id=\"90\" data-slide-public-id=\"3\" aria-hidden=\"true\" data-title=\"ISA_GALLERY_003\" class=\"n2-ss-slide n2-ow  n2-ss-slide-90\"><div role=\"note\" class=\"n2-ss-slide--focus\" tabindex=\"-1\">ISA_GALLERY_003<\/div><div class=\"n2-ss-layers-container n2-ss-slide-limiter n2-ow\"><div class=\"n2-ss-layer n2-ow n-uc-7kdQPGoSUJD0\" data-sstype=\"slide\" data-pm=\"default\"><\/div><\/div><\/div><div data-slide-duration=\"0\" data-id=\"91\" data-slide-public-id=\"4\" aria-hidden=\"true\" data-title=\"ISA_GALLERY_004\" class=\"n2-ss-slide n2-ow  n2-ss-slide-91\"><div role=\"note\" class=\"n2-ss-slide--focus\" tabindex=\"-1\">ISA_GALLERY_004<\/div><div class=\"n2-ss-layers-container n2-ss-slide-limiter n2-ow\"><div class=\"n2-ss-layer n2-ow n-uc-t8I1OerfBTGJ\" data-sstype=\"slide\" data-pm=\"default\"><\/div><\/div><\/div><div data-slide-duration=\"0\" data-id=\"92\" data-slide-public-id=\"5\" aria-hidden=\"true\" data-title=\"ISA_GALLERY_005\" class=\"n2-ss-slide n2-ow  n2-ss-slide-92\"><div role=\"note\" class=\"n2-ss-slide--focus\" tabindex=\"-1\">ISA_GALLERY_005<\/div><div class=\"n2-ss-layers-container n2-ss-slide-limiter n2-ow\"><div class=\"n2-ss-layer n2-ow n-uc-r63VMy4fLxKc\" data-sstype=\"slide\" data-pm=\"default\"><\/div><\/div><\/div><div data-slide-duration=\"0\" data-id=\"93\" data-slide-public-id=\"6\" aria-hidden=\"true\" data-title=\"ISA_GALLERY_006\" class=\"n2-ss-slide n2-ow  n2-ss-slide-93\"><div role=\"note\" class=\"n2-ss-slide--focus\" tabindex=\"-1\">ISA_GALLERY_006<\/div><div class=\"n2-ss-layers-container n2-ss-slide-limiter n2-ow\"><div class=\"n2-ss-layer n2-ow n-uc-DGwkgZ8sQoxh\" data-sstype=\"slide\" data-pm=\"default\"><\/div><\/div><\/div><div data-slide-duration=\"0\" data-id=\"94\" data-slide-public-id=\"7\" aria-hidden=\"true\" data-title=\"ISA_GALLERY_007\" class=\"n2-ss-slide n2-ow  n2-ss-slide-94\"><div role=\"note\" class=\"n2-ss-slide--focus\" tabindex=\"-1\">ISA_GALLERY_007<\/div><div class=\"n2-ss-layers-container n2-ss-slide-limiter n2-ow\"><div class=\"n2-ss-layer n2-ow n-uc-2xLqPXDPsOG9\" data-sstype=\"slide\" data-pm=\"default\"><\/div><\/div><\/div><div data-slide-duration=\"0\" data-id=\"95\" data-slide-public-id=\"8\" aria-hidden=\"true\" data-title=\"ISA_GALLERY_008\" class=\"n2-ss-slide n2-ow  n2-ss-slide-95\"><div role=\"note\" class=\"n2-ss-slide--focus\" tabindex=\"-1\">ISA_GALLERY_008<\/div><div class=\"n2-ss-layers-container n2-ss-slide-limiter n2-ow\"><div class=\"n2-ss-layer n2-ow n-uc-Y95Rkbwy9jJJ\" data-sstype=\"slide\" data-pm=\"default\"><\/div><\/div><\/div><div data-slide-duration=\"0\" data-id=\"96\" data-slide-public-id=\"9\" aria-hidden=\"true\" data-title=\"ISA_GALLERY_009\" class=\"n2-ss-slide n2-ow  n2-ss-slide-96\"><div role=\"note\" class=\"n2-ss-slide--focus\" tabindex=\"-1\">ISA_GALLERY_009<\/div><div class=\"n2-ss-layers-container n2-ss-slide-limiter n2-ow\"><div class=\"n2-ss-layer n2-ow n-uc-RExPURjFGDj8\" data-sstype=\"slide\" data-pm=\"default\"><\/div><\/div><\/div>                    <\/div>\n\n                                    <\/div>\n            <\/div>\n        <\/div>\n        <div class=\"n2-ss-slider-controls n2-ss-slider-controls-absolute-left-center\"><div style=\"--widget-offset:15px;\" class=\"n2-ss-widget nextend-arrow n2-ow-all nextend-arrow-previous  nextend-arrow-animated-fade\" data-hide-mobileportrait=\"1\" id=\"n2-ss-4-arrow-previous\" role=\"button\" aria-label=\"previous arrow\" tabindex=\"0\"><img loading=\"lazy\" decoding=\"async\" width=\"32\" height=\"32\" class=\"skip-lazy jetpack-lazy-image\" data-skip-lazy=\"1\" src=\"data:image\/svg+xml;base64,PHN2ZyB3aWR0aD0iMzIiIGhlaWdodD0iMzIiIHZpZXdCb3g9IjAgMCAzMiAzMiIgeG1sbnM9Imh0dHA6Ly93d3cudzMub3JnLzIwMDAvc3ZnIj4KICAgIDxwYXRoIGQ9Ik0xMS40MzMgMTUuOTkyTDIyLjY5IDUuNzEyYy4zOTMtLjM5LjM5My0xLjAzIDAtMS40Mi0uMzkzLS4zOS0xLjAzLS4zOS0xLjQyMyAwbC0xMS45OCAxMC45NGMtLjIxLjIxLS4zLjQ5LS4yODUuNzYtLjAxNS4yOC4wNzUuNTYuMjg0Ljc3bDExLjk4IDEwLjk0Yy4zOTMuMzkgMS4wMy4zOSAxLjQyNCAwIC4zOTMtLjQuMzkzLTEuMDMgMC0xLjQybC0xMS4yNTctMTAuMjkiCiAgICAgICAgICBmaWxsPSIjZmZmZmZmIiBvcGFjaXR5PSIwLjgiIGZpbGwtcnVsZT0iZXZlbm9kZCIvPgo8L3N2Zz4=\" alt=\"previous arrow\"><\/div><\/div><div class=\"n2-ss-slider-controls n2-ss-slider-controls-absolute-right-center\"><div style=\"--widget-offset:15px;\" class=\"n2-ss-widget nextend-arrow n2-ow-all nextend-arrow-next  nextend-arrow-animated-fade\" data-hide-mobileportrait=\"1\" id=\"n2-ss-4-arrow-next\" role=\"button\" aria-label=\"next arrow\" tabindex=\"0\"><img loading=\"lazy\" decoding=\"async\" width=\"32\" height=\"32\" class=\"skip-lazy jetpack-lazy-image\" data-skip-lazy=\"1\" src=\"data:image\/svg+xml;base64,PHN2ZyB3aWR0aD0iMzIiIGhlaWdodD0iMzIiIHZpZXdCb3g9IjAgMCAzMiAzMiIgeG1sbnM9Imh0dHA6Ly93d3cudzMub3JnLzIwMDAvc3ZnIj4KICAgIDxwYXRoIGQ9Ik0xMC43MjIgNC4yOTNjLS4zOTQtLjM5LTEuMDMyLS4zOS0xLjQyNyAwLS4zOTMuMzktLjM5MyAxLjAzIDAgMS40MmwxMS4yODMgMTAuMjgtMTEuMjgzIDEwLjI5Yy0uMzkzLjM5LS4zOTMgMS4wMiAwIDEuNDIuMzk1LjM5IDEuMDMzLjM5IDEuNDI3IDBsMTIuMDA3LTEwLjk0Yy4yMS0uMjEuMy0uNDkuMjg0LS43Ny4wMTQtLjI3LS4wNzYtLjU1LS4yODYtLjc2TDEwLjcyIDQuMjkzeiIKICAgICAgICAgIGZpbGw9IiNmZmZmZmYiIG9wYWNpdHk9IjAuOCIgZmlsbC1ydWxlPSJldmVub2RkIi8+Cjwvc3ZnPg==\" alt=\"next arrow\"><\/div><\/div><\/div><\/div><ss3-loader><\/ss3-loader><\/div><\/div><div class=\"n2_clear\"><\/div><\/div><\/ss3-force-full-width><\/div>\n\n\n<p><br><br><strong>Isabella Tuvo, Fondatrice e direttrice della creazione<\/strong><\/p>\n\n\n\n<p>Con oltre 25 anni di esperienza come event manager, Isabella ha concepito e realizzato per i suoi clienti alcuni eventi straordinari, da incontri intimi per piccoli gruppi a grandi celebrazioni aziendali. Sebbene la maggior parte della sua attivit\u00e0 di pianificazione di eventi si sia svolta negli Stati Uniti e in Europa, ha organizzato conferenze e riunioni in tutto il mondo, acquisendo cos\u00ec una vasta conoscenza delle diverse usanze e culture. Isabella ha un occhio molto attento ai dettagli, \u00e8 orgogliosa della sua etica del lavoro e della sua capacit\u00e0 di risolvere i problemi in modo creativo. Con un approccio pratico all'organizzazione di eventi, pianifica ogni evento ispirandosi alle esigenze e ai desideri dei clienti e puntando all'eccellenza. La sua determinazione e dedizione, unite alle sue conoscenze e competenze, le permettono di trasformare ogni evento in un'esperienza multisensoriale su misura.<br><\/p>\n\n\n\n<p><br><strong>Dicono di lei...<\/strong><\/p>\n\n\n\n<p><em>\"Ho il privilegio di offrire il mio sostegno professionale a Isabella, con la quale ho avuto il piacere di lavorare per oltre un decennio. Durante questo periodo, la sua eccezionale capacit\u00e0 di tradurre idee astratte in realt\u00e0 \u00e8 stata sempre notevole. L'occhio acuto di Isabella per i dettagli e l'impegno incrollabile nel suo mestiere assicurano che ogni progetto che tocca sia eseguito in modo impeccabile. La sua passione \u00e8 palpabile e investe notevoli energie per garantire il pi\u00f9 alto standard lavorativo. La presenza di Isabella in qualsiasi progetto \u00e8 una garanzia di qualit\u00e0 e di successo, e la rende una risorsa inestimabile sempre e comunque.\"<\/em><\/p>\n\n\n\n<p>\u2013 John Psaila, Managing Partner Deloitte Lussemburgo \u2013<br><\/p>\n\n\n\n<p><em>\"Ho avuto il piacere di lavorare con Isabella per quattro anni. Durante la nostra collaborazione, Isabella ha dimostrato una meticolosa attenzione ai dettagli e una costante dedizione all'eccellenza, portando a termine in modo eccellente le attivit\u00e0 che ha svolto. L'inclusione di Isabella in un progetto \u00e8 una promessa sicura di eccellenza e di risultati: la sua passione e professionalit\u00e0, la sua leadership e la sua competenza la rendono una risorsa per qualsiasi team di organizzazione eventi.\"<\/em><\/p>\n\n\n\n<p>\u2013 Giorgio Pietra CEO, International Airlines Technical Pool \u2013<br><\/p>","protected":false},"excerpt":{"rendered":"<p>Isabella Tuvo, Founder &amp; Creative Director With over 25 years\u2019 experience as event manager, Isabella has conceived and implemented some extraordinary event experiences for her clients, ranging from intimate gatherings for small groups to corporate celebrations. While most of her event planning has taken place in the USA and Europe, she has organised conferences and &hellip; <\/p>\n<p class=\"link-more\"><a href=\"https:\/\/isaevents.net\/it\/about-the-founder\/\" class=\"more-link\">Leggi tutto<span class=\"screen-reader-text\"> &#8220;ABOUT THE FOUNDER&#8221;<\/span><\/a><\/p>","protected":false},"author":3,"featured_media":0,"parent":0,"menu_order":0,"comment_status":"closed","ping_status":"closed","template":"","meta":{"footnotes":""},"class_list":["post-115","page","type-page","status-publish","hentry"],"yoast_head":"<!-- This site is optimized with the Yoast SEO plugin v25.7 - https:\/\/yoast.com\/wordpress\/plugins\/seo\/ -->\n<title>ABOUT THE FOUNDER - I S A<\/title>\n<meta name=\"robots\" content=\"index, follow, max-snippet:-1, max-image-preview:large, max-video-preview:-1\" \/>\n<link rel=\"canonical\" href=\"https:\/\/isaevents.net\/it\/about-the-founder\/\" \/>\n<meta property=\"og:locale\" content=\"it_IT\" \/>\n<meta property=\"og:type\" content=\"article\" \/>\n<meta property=\"og:title\" content=\"ABOUT THE FOUNDER - I S A\" \/>\n<meta property=\"og:description\" content=\"Isabella Tuvo, Founder &amp; Creative Director With over 25 years\u2019 experience as event manager, Isabella has conceived and implemented some extraordinary event experiences for her clients, ranging from intimate gatherings for small groups to corporate celebrations. While most of her event planning has taken place in the USA and Europe, she has organised conferences and &hellip; Leggi tutto &quot;ABOUT THE FOUNDER&quot;\" \/>\n<meta property=\"og:url\" content=\"https:\/\/isaevents.net\/it\/about-the-founder\/\" \/>\n<meta property=\"og:site_name\" content=\"I S A\" \/>\n<meta property=\"article:modified_time\" content=\"2024-01-24T21:13:21+00:00\" \/>\n<meta name=\"twitter:card\" content=\"summary_large_image\" \/>\n<meta name=\"twitter:label1\" content=\"Tempo di lettura stimato\" \/>\n\t<meta name=\"twitter:data1\" content=\"2 minuti\" \/>\n<script type=\"application\/ld+json\" class=\"yoast-schema-graph\">{\"@context\":\"https:\/\/schema.org\",\"@graph\":[{\"@type\":\"WebPage\",\"@id\":\"https:\/\/isaevents.net\/about-the-founder\/\",\"url\":\"https:\/\/isaevents.net\/about-the-founder\/\",\"name\":\"ABOUT THE FOUNDER - I S A\",\"isPartOf\":{\"@id\":\"https:\/\/isaevents.net\/#website\"},\"datePublished\":\"2023-12-08T17:33:52+00:00\",\"dateModified\":\"2024-01-24T21:13:21+00:00\",\"breadcrumb\":{\"@id\":\"https:\/\/isaevents.net\/about-the-founder\/#breadcrumb\"},\"inLanguage\":\"it-IT\",\"potentialAction\":[{\"@type\":\"ReadAction\",\"target\":[\"https:\/\/isaevents.net\/about-the-founder\/\"]}]},{\"@type\":\"BreadcrumbList\",\"@id\":\"https:\/\/isaevents.net\/about-the-founder\/#breadcrumb\",\"itemListElement\":[{\"@type\":\"ListItem\",\"position\":1,\"name\":\"Home\",\"item\":\"https:\/\/isaevents.net\/\"},{\"@type\":\"ListItem\",\"position\":2,\"name\":\"ABOUT THE FOUNDER\"}]},{\"@type\":\"WebSite\",\"@id\":\"https:\/\/isaevents.net\/#website\",\"url\":\"https:\/\/isaevents.net\/\",\"name\":\"I S AEvents\",\"description\":\"ISA Infinite Sensorial Adventures\",\"publisher\":{\"@id\":\"https:\/\/isaevents.net\/#\/schema\/person\/9482146435205e927d4cd14e1e4c5524\"},\"potentialAction\":[{\"@type\":\"SearchAction\",\"target\":{\"@type\":\"EntryPoint\",\"urlTemplate\":\"https:\/\/isaevents.net\/?s={search_term_string}\"},\"query-input\":{\"@type\":\"PropertyValueSpecification\",\"valueRequired\":true,\"valueName\":\"search_term_string\"}}],\"inLanguage\":\"it-IT\"},{\"@type\":[\"Person\",\"Organization\"],\"@id\":\"https:\/\/isaevents.net\/#\/schema\/person\/9482146435205e927d4cd14e1e4c5524\",\"name\":\"Isabella Tuvo\",\"image\":{\"@type\":\"ImageObject\",\"inLanguage\":\"it-IT\",\"@id\":\"https:\/\/isaevents.net\/#\/schema\/person\/image\/\",\"url\":\"https:\/\/isaevents.net\/wp-content\/uploads\/2024\/07\/ISA_Mail_HEADER.jpg\",\"contentUrl\":\"https:\/\/isaevents.net\/wp-content\/uploads\/2024\/07\/ISA_Mail_HEADER.jpg\",\"width\":1400,\"height\":446,\"caption\":\"Isabella Tuvo\"},\"logo\":{\"@id\":\"https:\/\/isaevents.net\/#\/schema\/person\/image\/\"},\"sameAs\":[\"https:\/\/isaevents.net\",\"https:\/\/www.instagram.com\/journeys_offthebeatenpath?igsh=MWZ0YXlzeDRtczhqYw&utm_source=qr\",\"https:\/\/www.linkedin.com\/in\/isabella-tuvo-81a39683?utm_source=share&utm_campaign=share_via&utm_content=profile&utm_medium=ios_app\"]}]}<\/script>\n<!-- \/ Yoast SEO plugin. -->","yoast_head_json":{"title":"ABOUT THE FOUNDER - I S A","robots":{"index":"index","follow":"follow","max-snippet":"max-snippet:-1","max-image-preview":"max-image-preview:large","max-video-preview":"max-video-preview:-1"},"canonical":"https:\/\/isaevents.net\/it\/about-the-founder\/","og_locale":"it_IT","og_type":"article","og_title":"ABOUT THE FOUNDER - I S A","og_description":"Isabella Tuvo, Founder &amp; Creative Director With over 25 years\u2019 experience as event manager, Isabella has conceived and implemented some extraordinary event experiences for her clients, ranging from intimate gatherings for small groups to corporate celebrations. While most of her event planning has taken place in the USA and Europe, she has organised conferences and &hellip; Leggi tutto \"ABOUT THE FOUNDER\"","og_url":"https:\/\/isaevents.net\/it\/about-the-founder\/","og_site_name":"I S A","article_modified_time":"2024-01-24T21:13:21+00:00","twitter_card":"summary_large_image","twitter_misc":{"Tempo di lettura stimato":"2 minuti"},"schema":{"@context":"https:\/\/schema.org","@graph":[{"@type":"WebPage","@id":"https:\/\/isaevents.net\/about-the-founder\/","url":"https:\/\/isaevents.net\/about-the-founder\/","name":"ABOUT THE FOUNDER - I S A","isPartOf":{"@id":"https:\/\/isaevents.net\/#website"},"datePublished":"2023-12-08T17:33:52+00:00","dateModified":"2024-01-24T21:13:21+00:00","breadcrumb":{"@id":"https:\/\/isaevents.net\/about-the-founder\/#breadcrumb"},"inLanguage":"it-IT","potentialAction":[{"@type":"ReadAction","target":["https:\/\/isaevents.net\/about-the-founder\/"]}]},{"@type":"BreadcrumbList","@id":"https:\/\/isaevents.net\/about-the-founder\/#breadcrumb","itemListElement":[{"@type":"ListItem","position":1,"name":"Home","item":"https:\/\/isaevents.net\/"},{"@type":"ListItem","position":2,"name":"ABOUT THE FOUNDER"}]},{"@type":"WebSite","@id":"https:\/\/isaevents.net\/#website","url":"https:\/\/isaevents.net\/","name":"I S AEvents","description":"ISA Infinite Sensorial Adventures","publisher":{"@id":"https:\/\/isaevents.net\/#\/schema\/person\/9482146435205e927d4cd14e1e4c5524"},"potentialAction":[{"@type":"SearchAction","target":{"@type":"EntryPoint","urlTemplate":"https:\/\/isaevents.net\/?s={search_term_string}"},"query-input":{"@type":"PropertyValueSpecification","valueRequired":true,"valueName":"search_term_string"}}],"inLanguage":"it-IT"},{"@type":["Person","Organization"],"@id":"https:\/\/isaevents.net\/#\/schema\/person\/9482146435205e927d4cd14e1e4c5524","name":"Isabella Tuvo","image":{"@type":"ImageObject","inLanguage":"it-IT","@id":"https:\/\/isaevents.net\/#\/schema\/person\/image\/","url":"https:\/\/isaevents.net\/wp-content\/uploads\/2024\/07\/ISA_Mail_HEADER.jpg","contentUrl":"https:\/\/isaevents.net\/wp-content\/uploads\/2024\/07\/ISA_Mail_HEADER.jpg","width":1400,"height":446,"caption":"Isabella Tuvo"},"logo":{"@id":"https:\/\/isaevents.net\/#\/schema\/person\/image\/"},"sameAs":["https:\/\/isaevents.net","https:\/\/www.instagram.com\/journeys_offthebeatenpath?igsh=MWZ0YXlzeDRtczhqYw&utm_source=qr","https:\/\/www.linkedin.com\/in\/isabella-tuvo-81a39683?utm_source=share&utm_campaign=share_via&utm_content=profile&utm_medium=ios_app"]}]}},"jetpack_likes_enabled":false,"jetpack_sharing_enabled":true,"_links":{"self":[{"href":"https:\/\/isaevents.net\/it\/wp-json\/wp\/v2\/pages\/115","targetHints":{"allow":["GET"]}}],"collection":[{"href":"https:\/\/isaevents.net\/it\/wp-json\/wp\/v2\/pages"}],"about":[{"href":"https:\/\/isaevents.net\/it\/wp-json\/wp\/v2\/types\/page"}],"author":[{"embeddable":true,"href":"https:\/\/isaevents.net\/it\/wp-json\/wp\/v2\/users\/3"}],"replies":[{"embeddable":true,"href":"https:\/\/isaevents.net\/it\/wp-json\/wp\/v2\/comments?post=115"}],"version-history":[{"count":7,"href":"https:\/\/isaevents.net\/it\/wp-json\/wp\/v2\/pages\/115\/revisions"}],"predecessor-version":[{"id":508,"href":"https:\/\/isaevents.net\/it\/wp-json\/wp\/v2\/pages\/115\/revisions\/508"}],"wp:attachment":[{"href":"https:\/\/isaevents.net\/it\/wp-json\/wp\/v2\/media?parent=115"}],"curies":[{"name":"wp","href":"https:\/\/api.w.org\/{rel}","templated":true}]}}